{"id":9896,"date":"2024-04-16T13:47:16","date_gmt":"2024-04-16T11:47:16","guid":{"rendered":"https:\/\/lcpr.pl\/zg\/?page_id=9896"},"modified":"2024-05-09T13:13:31","modified_gmt":"2024-05-09T11:13:31","slug":"znajdz-lubuskich-producentow","status":"publish","type":"page","link":"https:\/\/lcpr.pl\/zg\/znajdz-lubuskich-producentow\/","title":{"rendered":"Znajd\u017a lubuskich producent\u00f3w"},"content":{"rendered":"<style type=\"text\/css\"><\/style><div id=\"cmsms_row_69e1b55e90f49\" class=\"cmsms_row cmsms_color_scheme_default\">\n<div class=\"cmsms_row_outer_parent\">\n<div class=\"cmsms_row_outer\">\n<div class=\"cmsms_row_inner\">\n<div class=\"cmsms_row_margin\">\n<div class=\"cmsms_column one_first\">\n<div class=\"cmsms_text\">\n<h1><strong>Na czym polega kampania?<\/strong><\/h1>\n<div id=\"cmsms_row_663c76dfa77bc\" class=\"cmsms_row cmsms_color_scheme_default\">\n<div class=\"cmsms_row_outer_parent\">\n<div class=\"cmsms_row_outer\">\n<div class=\"cmsms_row_inner\">\n<div class=\"cmsms_row_margin cmsms_11\">\n<div class=\"cmsms_column one_first\" data-width=\"1\/1\">\n<div class=\"cmsms_text\">\n<h4>Konsumenci!<br \/>\nCzy znacie producent\u00f3w produkt\u00f3w regionalnych z wojew\u00f3dztwa lubuskiego?<br \/>\nDzi\u0119ki kampanii ,,Znajd\u017a Lubuskich Producent\u00f3w&#8221; b\u0119dzie to o wiele prostsze!<br \/>\nKampania ma na celu pokazanie mo\u017cliwo\u015bci, dzi\u0119ki kt\u00f3rym znalezienie producent\u00f3w z Waszej najbli\u017cszej okolicy b\u0119dzie \u0142atwiejsze.<br \/>\nMamy nadziej\u0119, \u017ce dzi\u0119ki niej przyk\u0142adem Detektyw\u00f3w LCPR staniecie si\u0119 poszukiwaczami wyj\u0105tkowych smak\u00f3w, nietuzinkowego r\u0119kodzie\u0142a, a tak\u017ce odkryjecie wspania\u0142e miejsce agroturystyczne w naszym wojew\u00f3dztwie.<\/h4>\n<h4>Mo\u017cliwo\u015bci do znalezienia producent\u00f3w jest wiele!<\/h4>\n<h1 class=\"cmsms_heading\"><strong>Metody poszukiwa\u0144 producent\u00f3w<\/strong><\/h1>\n<h2 class=\"cmsms_heading\" style=\"text-align: left;\"><span style=\"color: #808080;\"><strong>APLIKACJA SZLAK PRODUKTU LUBUSKIEGO<\/strong><\/span><\/h2>\n<h1 style=\"text-align: center;\"><img loading=\"lazy\" decoding=\"async\" class=\"wp-image-10303 aligncenter\" src=\"https:\/\/lcpr.pl\/zg\/wp-content\/uploads\/2024\/05\/q344-2-scaled.jpg\" alt=\"\" width=\"729\" height=\"729\" \/><strong><span style=\"color: #ff6600;\"><br \/>\nZESKANUJ KOD QR SWOIM TELEFONEM I POBIERZ APLIKACJ\u0118<\/span><\/strong><\/h1>\n<h3 style=\"text-align: center;\"><strong>Na czym polega aplikacja Szlak Produktu Lubuskiego?<\/strong><\/h3>\n<h4 style=\"text-align: center;\"><strong>Szlak Produktu Lubuskiego<\/strong> to aplikacja mobilna, wskazuj\u0105ca gdzie mo\u017cemy naby\u0107 produkty z bran\u017cy r\u0119kodzie\u0142a, mi\u0119snej, rybo\u0142\u00f3wstwa, mlecznej, produkt\u00f3w ekologicznych, pszczelarskich, wyrob\u00f3w piekarniczych i cukierniczych, napoi, da\u0144 gotowych, odwiedzi\u0107 gospodarstwa agroturystyczne, restauracje, czy miejsca zwi\u0105zane z turystyk\u0105 le\u015bn\u0105 i z wojew\u00f3dztwa lubuskiego.<\/h4>\n<h4 style=\"text-align: center;\"><strong>Aplikacj\u0119 Szlak Produktu Lubuskiego, kt\u00f3r\u0105 <span style=\"color: #ff6600;\">bezp\u0142atnie<\/span> mo\u017cna pobra\u0107 na sw\u00f3j telefon kom\u00f3rkowy poprzez <span style=\"color: #ff6600;\">Sklep Google lub App Store.<\/span><\/strong><\/h4>\n<h4 style=\"text-align: center;\">Obecnie w aplikacji znajduje si\u0119 kilkadziesi\u0105t producent\u00f3w, jednak liczba ta jest na bie\u017c\u0105co rozbudowywana. Szlak lubuskich producent\u00f3w \u0142\u0105cz\u0105c si\u0119 z mapami Google wska\u017ce nam drog\u0119 do producent\u00f3w znajduj\u0105cych si\u0119 najbli\u017cej naszego aktualnego po\u0142o\u017cenia.<\/h4>\n<h2 class=\"cmsms_heading\" style=\"text-align: left;\"><span style=\"color: #808080;\"><strong>BLOG OPOWIE\u015aCI O LUBUSKICH PRODUCENTACH<\/strong><\/span><\/h2>\n<p><a href=\"https:\/\/lcpr.pl\/zg\/blog\/\"><img loading=\"lazy\" decoding=\"async\" class=\"wp-image-10300 aligncenter\" src=\"https:\/\/lcpr.pl\/zg\/wp-content\/uploads\/2024\/05\/eee.jpg\" alt=\"\" width=\"1427\" height=\"476\" \/><\/a><\/p>\n<\/div>\n<\/div>\n<h2 style=\"text-align: center;\"><strong><br \/>\n<span style=\"color: #ff6600;\"><br \/>\nKLIKNIJ I PRZEJD\u0179 DO BLOGA LUB WEJD\u0179 NA<\/span><a href=\"https:\/\/lcpr.pl\/zg\/blog\/\"> https:\/\/lcpr.pl\/zg\/blog\/<\/a><\/strong><\/h2>\n<\/div>\n<\/div>\n<\/div>\n<\/div>\n<\/div>\n<div id=\"cmsms_row_663c76dfa78f9\" class=\"cmsms_row cmsms_color_scheme_default\">\n<div class=\"cmsms_row_outer_parent\">\n<div class=\"cmsms_row_outer\">\n<div class=\"cmsms_row_inner\">\n<div class=\"cmsms_row_margin cmsms_11\">\n<div class=\"cmsms_column one_first\" data-width=\"1\/1\">\n<h4 style=\"text-align: center;\">Kolejn\u0105 now\u0105 propozycj\u0105 Lubuskiego Centrum\u00a0 Produktu Regionalnego jest <strong>Blog \u2013 Opowie\u015bci o lubuskich producentach<\/strong>.<br \/>\nCzasami samo znalezienie producenta w wojew\u00f3dztwie lubuskim nie jest o tyle trudne, co zdobycie o nim wszelkich interesuj\u0105cych nas informacji.<br \/>\nChcemy dowiedzie\u0107 si\u0119 wi\u0119cej!<br \/>\nPozna\u0107 producenta i mo\u017cliwo\u015b\u0107, jakie oferuje jego dzia\u0142alno\u015b\u0107.<br \/>\nBlog Opowie\u015bci o lubuskich producentach nie tylko zaspokoi nasz\u0105 ciekawo\u015b\u0107, ale r\u00f3wnie\u017c sprawi, \u017ce producent stanie si\u0119 nam bli\u017cszy.<\/h4>\n<h4 style=\"text-align: center;\">Czytaj na: <a href=\"https:\/\/lcpr.pl\/zg\/blog\/\">https:\/\/lcpr.pl\/zg\/blog\/<\/a><\/h4>\n<h2 class=\"cmsms_heading\" style=\"text-align: left;\"><span style=\"color: #808080;\"><strong>BAZA LUBUSKICH PRODUCENT\u00d3W<\/strong><\/span><\/h2>\n<\/div>\n<h4 style=\"text-align: center;\">Kolejn\u0105 z mo\u017cliwo\u015bci zapoznania si\u0119 z lubuskimi producentami jest baza lubuskich producent\u00f3w, w kt\u00f3rej znajduj\u0105 si\u0119 wytw\u00f3rcy produkt\u00f3w spo\u017cywczych<br \/>\ni r\u0119kodzielniczych, dzia\u0142aj\u0105cy na terenie wojew\u00f3dztwa lubuskiego. Dzi\u0119ki spisowi zamieszczonemu na naszej stronie podzielonemu na kategorie znajdziecie producent\u00f3w wytwarzaj\u0105cych interesuj\u0105ce Was produkty oraz kr\u00f3tkie opisy ich firm. <a href=\"https:\/\/lcpr.pl\/zg\/producenci\/\">https:\/\/lcpr.pl\/zg\/producenci\/<\/a><\/h4>\n<\/div>\n<h2 class=\"cmsms_heading\" style=\"text-align: left;\"><span style=\"color: #808080;\"><strong>CERTYFIKAT PRODUCENT LUBUSKI<\/strong><\/span><\/h2>\n<h4 style=\"text-align: center;\"><a href=\"https:\/\/lcpr.pl\/zg\/certyfikat-producent-lubuski\/\"><img loading=\"lazy\" decoding=\"async\" class=\"wp-image-10307 aligncenter\" src=\"https:\/\/lcpr.pl\/zg\/wp-content\/uploads\/2024\/05\/336y-298x300.jpg\" alt=\"\" width=\"374\" height=\"376\" srcset=\"https:\/\/lcpr.pl\/zg\/wp-content\/uploads\/2024\/05\/336y-298x300.jpg 298w, https:\/\/lcpr.pl\/zg\/wp-content\/uploads\/2024\/05\/336y-1016x1024.jpg 1016w, https:\/\/lcpr.pl\/zg\/wp-content\/uploads\/2024\/05\/336y-200x200.jpg 200w, https:\/\/lcpr.pl\/zg\/wp-content\/uploads\/2024\/05\/336y-768x774.jpg 768w, https:\/\/lcpr.pl\/zg\/wp-content\/uploads\/2024\/05\/336y-55x55.jpg 55w, https:\/\/lcpr.pl\/zg\/wp-content\/uploads\/2024\/05\/336y-250x250.jpg 250w, https:\/\/lcpr.pl\/zg\/wp-content\/uploads\/2024\/05\/336y-580x584.jpg 580w, https:\/\/lcpr.pl\/zg\/wp-content\/uploads\/2024\/05\/336y-820x826.jpg 820w, https:\/\/lcpr.pl\/zg\/wp-content\/uploads\/2024\/05\/336y-1160x1169.jpg 1160w, https:\/\/lcpr.pl\/zg\/wp-content\/uploads\/2024\/05\/336y.jpg 1333w\" sizes=\"auto, (max-width: 374px) 100vw, 374px\" \/><\/a><br \/>\nJeste\u015b producentem i nie masz certyfikatu?<br \/>\nKliknij na stempel i wygeneruj Certyfikat Producent Lubuski (https:\/\/lcpr.pl\/zg\/certyfikat-producent-lubuski\/)<\/h4>\n<h4><\/h4>\n<h4 style=\"text-align: center;\">Certyfikat Producent Lubuski to odznaczenie wydawane lubuskim producentom przez Lubuskie Centrum Produktu Regionalnego w Zielona G\u00f3rze. Umo\u017cliwia \u0142atwiejsze znalezienie producent\u00f3w z naszego regionu. Certyfikat producenci mog\u0105 umie\u015bci\u0107 np. w formie papierowej w swoich miejscach sprzeda\u017cy. Otrzymanie go mo\u017cliwe jest poprzez wype\u0142nienie wniosku: <a href=\"https:\/\/lcpr.pl\/zg\/certyfikat-producent-lubuski\/\">https:\/\/lcpr.pl\/zg\/certyfikat-producent-lubuski\/<\/a><\/h4>\n<p style=\"text-align: center;\"><strong>Sprawd\u017a list\u0119 producent\u00f3w, kt\u00f3rzy ju\u017c maj\u0105 sw\u00f3j certyfikat &#8211;\u00a0 <a href=\"https:\/\/lcpr.pl\/zg\/pj-tags\/certyfikat\/\">https:\/\/lcpr.pl\/zg\/pj-tags\/certyfikat\/<\/a><\/strong><\/p>\n<\/div>\n<\/div>\n<\/div>\n<\/div>\n<div id=\"cmsms_row_663c76dfa78f9\" class=\"cmsms_row cmsms_color_scheme_default\">\n<div class=\"cmsms_row_outer_parent\"><\/div>\n<\/div>\n<h2 class=\"cmsms_heading\" style=\"text-align: left;\"><span style=\"color: #808080;\"><strong>MIEJSCA SPRZEDA\u017bY<\/strong><\/span><\/h2>\n<h4 style=\"text-align: center;\">W ramach kampanii promowane s\u0105 r\u00f3wnie\u017c miejsca sprzeda\u017cy produkt\u00f3w regionalnych \u2013 takie jak, targowiska miejskie, targi dedykowane sprzeda\u017cy produkt\u00f3w regionalnych, a tak\u017ce sklepy z produktami regionalnymi, kt\u00f3rych na mapie wojew\u00f3dztwa lubuskiego pojawia si\u0119 coraz wi\u0119cej!<\/h4>\n<h4 style=\"text-align: center;\"><strong>SPRAWD\u0179: <a href=\"https:\/\/lcpr.pl\/zg\/miejsca-zakupu-produktow-regionalnych\/\">https:\/\/lcpr.pl\/zg\/miejsca-zakupu-produktow-regionalnych\/<\/a><\/strong><\/h4>\n<h2><span style=\"color: #808080;\"><strong>MAPA LUBUSKICH PRODUCENT\u00d3W ,,NAWIGATOR LUBUSKI&#8221;<\/strong><\/span><\/h2>\n<p><img loading=\"lazy\" decoding=\"async\" class=\"wp-image-10335 aligncenter\" src=\"https:\/\/lcpr.pl\/zg\/wp-content\/uploads\/2024\/05\/OKLADKA-7-kopia.jpg\" alt=\"\" width=\"679\" height=\"964\" \/><\/p>\n<h4 style=\"text-align: center;\">Mapa lubuskich producent\u00f3w to sztandarowa publikacja LCPR, kt\u00f3ra dystrybuowana jest na terenie ca\u0142ego wojew\u00f3dztwa lubuskiego.<br \/>\nDzi\u0119ki niej mo\u017cna odkry\u0107 ciekawe miejsca na terenie naszego wojew\u00f3dztwa, a tak\u017ce zaplanowa\u0107 swoj\u0105 ma\u0142\u0105 wypraw\u0119 Szlakiem Lubuskich Producent\u00f3w!<br \/>\nKa\u017cdy z Producent\u00f3w, znajduj\u0105cych si\u0119 na mapie oznaczony jest specjalnymi piktogramami, okre\u015blaj\u0105cymi ich dzia\u0142alno\u015b\u0107.<br \/>\nMapa podzielona jest na powiaty, aby u\u0142atwi\u0107 znalezienie interesuj\u0105cych nas wytw\u00f3rc\u00f3w.<\/h4>\n<p style=\"text-align: center;\"><strong>\u00a0<\/strong><\/p>\n<\/div>\n<\/div>\n<div class=\"cmsms_column one_first\">\n<\/div>\n<div class=\"cmsms_column one_first\">\n<\/div>\n<div class=\"cmsms_column one_first\">\n<\/div>\n<div class=\"cmsms_column one_first\">\n<\/div>\n<div class=\"cmsms_column one_first\">\n<\/div>\n<div class=\"cmsms_column one_first\">\n<\/div>\n<div class=\"cmsms_column one_first\">\n<\/div>\n<div class=\"cmsms_column one_first\">\n<\/div>\n<div class=\"cmsms_column one_first\">\n<\/div>\n<div class=\"cmsms_column one_first\">\n<\/div>\n<div class=\"cmsms_column one_first\">\n<\/div>\n<div class=\"cmsms_column one_first\">\n<\/div>\n<\/div>\n<\/div>\n<\/div>\n<\/div>\n<\/div>\n\n","protected":false},"excerpt":{"rendered":"","protected":false},"author":1,"featured_media":0,"parent":0,"menu_order":0,"comment_status":"closed","ping_status":"closed","template":"","meta":{"footnotes":""},"class_list":["post-9896","page","type-page","status-publish","hentry"],"_links":{"self":[{"href":"https:\/\/lcpr.pl\/zg\/wp-json\/wp\/v2\/pages\/9896","targetHints":{"allow":["GET"]}}],"collection":[{"href":"https:\/\/lcpr.pl\/zg\/wp-json\/wp\/v2\/pages"}],"about":[{"href":"https:\/\/lcpr.pl\/zg\/wp-json\/wp\/v2\/types\/page"}],"author":[{"embeddable":true,"href":"https:\/\/lcpr.pl\/zg\/wp-json\/wp\/v2\/users\/1"}],"replies":[{"embeddable":true,"href":"https:\/\/lcpr.pl\/zg\/wp-json\/wp\/v2\/comments?post=9896"}],"version-history":[{"count":38,"href":"https:\/\/lcpr.pl\/zg\/wp-json\/wp\/v2\/pages\/9896\/revisions"}],"predecessor-version":[{"id":10345,"href":"https:\/\/lcpr.pl\/zg\/wp-json\/wp\/v2\/pages\/9896\/revisions\/10345"}],"wp:attachment":[{"href":"https:\/\/lcpr.pl\/zg\/wp-json\/wp\/v2\/media?parent=9896"}],"curies":[{"name":"wp","href":"https:\/\/api.w.org\/{rel}","templated":true}]}}