{"id":4434,"date":"2024-02-26T17:25:42","date_gmt":"2024-02-26T16:25:42","guid":{"rendered":"https:\/\/lcpr.pl\/zg\/?page_id=4434"},"modified":"2026-02-13T12:46:22","modified_gmt":"2026-02-13T11:46:22","slug":"projekt-bascil","status":"publish","type":"page","link":"https:\/\/lcpr.pl\/zg\/projekt-bascil\/","title":{"rendered":"Projekt BASCIL"},"content":{"rendered":"<style type=\"text\/css\"> \n#cmsms_row_69f16e5fc4b4e .cmsms_row_outer_parent { \n\tpadding-top: 50px; \n} \n\n#cmsms_row_69f16e5fc4b4e .cmsms_row_outer_parent { \n\tpadding-bottom: 0px; \n} \n\n \n#cmsms_heading_69f16e5fc4ce0, #cmsms_heading_69f16e5fc4ce0 a { \n\tfont-size:28px; \n\ttext-align:left; \n\tfont-weight:400; \n\tfont-style:normal; \n\tmargin-top:0px; \n\tmargin-bottom:20px; \n} \n \n#cmsms_row_69f16e5fc4ed9 .cmsms_row_outer_parent { \n\tpadding-top: 0px; \n} \n\n#cmsms_row_69f16e5fc4ed9 .cmsms_row_outer_parent { \n\tpadding-bottom: 50px; \n} \n\n \n#cmsms_row_69f16e5fc500e .cmsms_row_outer_parent { \n\tpadding-top: 0px; \n} \n\n#cmsms_row_69f16e5fc500e .cmsms_row_outer_parent { \n\tpadding-bottom: 0px; \n} \n\n \n#cmsms_divider_69f16e5fc50f5 { \n\tpadding-top:50px; \n\tmargin-bottom:40px; \n} \n<\/style><div id=\"cmsms_row_69f16e5fc4b4e\" class=\"cmsms_row cmsms_color_scheme_default\">\n<div class=\"cmsms_row_outer_parent\">\n<div class=\"cmsms_row_outer\">\n<div class=\"cmsms_row_inner\">\n<div class=\"cmsms_row_margin\">\n<div class=\"cmsms_column one_first\">\n<h1 id=\"cmsms_heading_69f16e5fc4ce0\" class=\"cmsms_heading\">Projekt Bascil<\/h1><div class=\"cmsms_text\">\n<p><strong>Lubuskie Centrum Produktu Regionalnego w Zielonej G\u00f3rze, w imieniu Fundacji Natura Polska, serdecznie zaprasza lubuskich producent\u00f3w \u017cywno\u015bci zainteresowanych dywersyfikacj\u0105 swojej dzia\u0142alno\u015bci w kierunku turystyki kulinarnej do wype\u0142nienia Karty Zg\u0142oszenia do projektu BASCIL.<\/strong><\/p>\n<div class=\"wp-block-spacer\" aria-hidden=\"true\"><\/div>\n<p>Aby wzi\u0105\u0107 udzia\u0142 w projekcie nale\u017cy by\u0107 producentem \u017cywno\u015bci, posiadaj\u0105cym siedzib\u0119 lub oddzia\u0142\/przedstawicielstwo zarejestrowane na terenie wojew\u00f3dztwa lubuskiego.<\/p>\n<p>Projekt BASCIL jest realizowany i wsp\u00f3\u0142finansowany ze \u015brodk\u00f3w programu Interreg Baltic Sea Region.<\/p>\n<p>Wype\u0142nienie Karty Zg\u0142oszeniowej jest ca\u0142kowicie bezp\u0142atne i dobrowolne.<\/p>\n<p>Przes\u0142ane Karty Zg\u0142oszeniowe b\u0119d\u0105 weryfikowane przez prowadz\u0105c\u0105 nab\u00f3r do projektu Fundacj\u0119 Natura Polska pod wzgl\u0119dem zgodno\u015bci ze stanem faktycznym.<\/p>\n<ul>\n<li>BASCIL \u2013 podstawowe informacje \u2013 <a href=\"https:\/\/lcpr.pl\/zg\/wp-content\/uploads\/2024\/02\/BASCIL-podstawowe-informacje.pdf\">pobierz<\/a><\/li>\n<li>BASCIL \u2013 harmonogram projektu \u2013 <a href=\"https:\/\/lcpr.pl\/zg\/wp-content\/uploads\/2024\/02\/BASCIL-harmonogram.pdf\">pobierz<\/a><\/li>\n<li>BASCIL \u2013 prezentacja \u2013 <a href=\"https:\/\/lcpr.pl\/zg\/wp-content\/uploads\/2024\/02\/BASCIL-prezentacja.pdf\">pobierz <\/a><\/li>\n<\/ul>\n<\/div>\n<\/div>\n<\/div>\n<\/div>\n<\/div>\n<\/div>\n<\/div>\n<div id=\"cmsms_row_69f16e5fc4ed9\" class=\"cmsms_row cmsms_color_scheme_default\">\n<div class=\"cmsms_row_outer_parent\">\n<div class=\"cmsms_row_outer\">\n<div class=\"cmsms_row_inner\">\n<div class=\"cmsms_row_margin\">\n<div class=\"cmsms_column one_first\">\n<div id=\"cmsms_notice_69f16e5fc4fc9\" class=\"cmsms_notice cmsms_notice_info cmsms-icon-check-2\">\n<a href=\"#\" class=\"notice_close cmsms-icon-cancel-3\"><\/a><div class=\"notice_icon\"><\/div>\n<div class=\"notice_content\">\n<p><strong>Nab\u00f3r zako\u0144czony.<\/strong><\/p>\n<p>Dzi\u0119kujemy za zainteresowanie.<\/p>\n<\/div>\n<\/div>\n<\/div>\n<\/div>\n<\/div>\n<\/div>\n<\/div>\n<\/div>\n<div id=\"cmsms_row_69f16e5fc500e\" class=\"cmsms_row cmsms_color_scheme_default\">\n<div class=\"cmsms_row_outer_parent\">\n<div class=\"cmsms_row_outer\">\n<div class=\"cmsms_row_inner\">\n<div class=\"cmsms_row_margin\">\n<div class=\"cmsms_column one_first\">\n<div id=\"cmsms_divider_69f16e5fc50f5\" class=\"cmsms_divider solid\"><\/div>\n<\/div>\n<\/div>\n<\/div>\n<\/div>\n<\/div>\n<\/div>\n\n","protected":false},"excerpt":{"rendered":"","protected":false},"author":1,"featured_media":0,"parent":0,"menu_order":0,"comment_status":"closed","ping_status":"closed","template":"","meta":{"footnotes":""},"class_list":["post-4434","page","type-page","status-publish","hentry"],"_links":{"self":[{"href":"https:\/\/lcpr.pl\/zg\/wp-json\/wp\/v2\/pages\/4434","targetHints":{"allow":["GET"]}}],"collection":[{"href":"https:\/\/lcpr.pl\/zg\/wp-json\/wp\/v2\/pages"}],"about":[{"href":"https:\/\/lcpr.pl\/zg\/wp-json\/wp\/v2\/types\/page"}],"author":[{"embeddable":true,"href":"https:\/\/lcpr.pl\/zg\/wp-json\/wp\/v2\/users\/1"}],"replies":[{"embeddable":true,"href":"https:\/\/lcpr.pl\/zg\/wp-json\/wp\/v2\/comments?post=4434"}],"version-history":[{"count":3,"href":"https:\/\/lcpr.pl\/zg\/wp-json\/wp\/v2\/pages\/4434\/revisions"}],"predecessor-version":[{"id":20253,"href":"https:\/\/lcpr.pl\/zg\/wp-json\/wp\/v2\/pages\/4434\/revisions\/20253"}],"wp:attachment":[{"href":"https:\/\/lcpr.pl\/zg\/wp-json\/wp\/v2\/media?parent=4434"}],"curies":[{"name":"wp","href":"https:\/\/api.w.org\/{rel}","templated":true}]}}