{"id":4194,"date":"2024-02-23T22:59:45","date_gmt":"2024-02-23T21:59:45","guid":{"rendered":"https:\/\/lcpr.pl\/zg\/?page_id=4194"},"modified":"2026-01-21T15:22:07","modified_gmt":"2026-01-21T14:22:07","slug":"rarytas-2023","status":"publish","type":"page","link":"https:\/\/lcpr.pl\/zg\/rarytas-lubuski\/rarytas-2023\/","title":{"rendered":"Rarytas lubuski w kuchni 2023"},"content":{"rendered":"<style type=\"text\/css\"> \n#cmsms_row_69f16f4f060eb .cmsms_row_outer_parent { \n\tpadding-top: 50px; \n} \n\n#cmsms_row_69f16f4f060eb .cmsms_row_outer_parent { \n\tpadding-bottom: 0px; \n} \n\n \n#cmsms_heading_69f16f4f06242, #cmsms_heading_69f16f4f06242 a { \n\tfont-size:28px; \n\ttext-align:center; \n\tfont-weight:400; \n\tfont-style:normal; \n\tmargin-top:0px; \n\tmargin-bottom:20px; \n} \n \n#cmsms_row_69f16f4f0634a .cmsms_row_outer_parent { \n\tpadding-top: 0px; \n} \n\n#cmsms_row_69f16f4f0634a .cmsms_row_outer_parent { \n\tpadding-bottom: 50px; \n} \n\n \n#cmsms_heading_69f16f4f064c5, #cmsms_heading_69f16f4f064c5 a { \n\tfont-weight:400; \n\tfont-style:normal; \n\tmargin-top:0px; \n\tmargin-bottom:20px; \n} \n \n#cmsms_row_69f16f4f06537 .cmsms_row_outer_parent { \n\tpadding-top: 0px; \n} \n\n#cmsms_row_69f16f4f06537 .cmsms_row_outer_parent { \n\tpadding-bottom: 50px; \n} \n\n \n#cmsms_heading_69f16f4f065cf, #cmsms_heading_69f16f4f065cf a { \n\tfont-weight:400; \n\tfont-style:normal; \n\tmargin-top:0px; \n\tmargin-bottom:20px; \n} \n \n#cmsms_row_69f16f4f06623 .cmsms_row_outer_parent { \n\tpadding-top: 0px; \n} \n\n#cmsms_row_69f16f4f06623 .cmsms_row_outer_parent { \n\tpadding-bottom: 50px; \n} \n\n \n#cmsms_heading_69f16f4f066c0, #cmsms_heading_69f16f4f066c0 a { \n\tfont-weight:400; \n\tfont-style:normal; \n\tmargin-top:0px; \n\tmargin-bottom:20px; \n} \n \n#cmsms_row_69f16f4f06707 .cmsms_row_outer_parent { \n\tpadding-top: 0px; \n} \n\n#cmsms_row_69f16f4f06707 .cmsms_row_outer_parent { \n\tpadding-bottom: 0px; \n} \n\n \n#cmsms_divider_69f16f4f0677d { \n\tpadding-top:50px; \n\tmargin-bottom:40px; \n} \n<\/style><div id=\"cmsms_row_69f16f4f060eb\" class=\"cmsms_row cmsms_color_scheme_default\">\n<div class=\"cmsms_row_outer_parent\">\n<div class=\"cmsms_row_outer\">\n<div class=\"cmsms_row_inner\">\n<div class=\"cmsms_row_margin\">\n<div class=\"cmsms_column one_first\">\n<h1 id=\"cmsms_heading_69f16f4f06242\" class=\"cmsms_heading\">Rarytas Lubuski w kuchni w roku 2023<\/h1><div class=\"cmsms_text\">\n<p><img loading=\"lazy\" decoding=\"async\" class=\"wp-image-19674 size-large aligncenter\" src=\"https:\/\/lcpr.pl\/zg\/wp-content\/uploads\/2026\/01\/naglowek-rarytas-e1769004620439-1024x707.png\" alt=\"\" width=\"1024\" height=\"707\" srcset=\"https:\/\/lcpr.pl\/zg\/wp-content\/uploads\/2026\/01\/naglowek-rarytas-e1769004620439-1024x707.png 1024w, https:\/\/lcpr.pl\/zg\/wp-content\/uploads\/2026\/01\/naglowek-rarytas-e1769004620439-300x207.png 300w, https:\/\/lcpr.pl\/zg\/wp-content\/uploads\/2026\/01\/naglowek-rarytas-e1769004620439-768x530.png 768w, https:\/\/lcpr.pl\/zg\/wp-content\/uploads\/2026\/01\/naglowek-rarytas-e1769004620439-580x401.png 580w, https:\/\/lcpr.pl\/zg\/wp-content\/uploads\/2026\/01\/naglowek-rarytas-e1769004620439-820x566.png 820w, https:\/\/lcpr.pl\/zg\/wp-content\/uploads\/2026\/01\/naglowek-rarytas-e1769004620439-1160x801.png 1160w, https:\/\/lcpr.pl\/zg\/wp-content\/uploads\/2026\/01\/naglowek-rarytas-e1769004620439.png 1322w\" sizes=\"auto, (max-width: 1024px) 100vw, 1024px\" \/><\/p>\n<p>\u201e<strong>Rarytas Lubuski w kuchni\u201d<\/strong>\u00a0to cykl spotka\u0144, podczas kt\u00f3rych odbywaj\u0105 si\u0119 pokazy gotowania na bazie produkt\u00f3w regionalnych od lubuskich producent\u00f3w. Spotkania odbywaj\u0105 si\u0119 w r\u00f3\u017cnych powiatach, na terenie wojew\u00f3dztwa lubuskiego.<strong>\u00a0\u201eRarytas lubuski w kuchni\u201d<\/strong>\u00a0go\u015bci\u0142 b\u0119dzie w gospodarstwach producent\u00f3w, w tym agroturystycznych i wydarzeniach plenerowych.<\/p>\n<p>Temat przewodni ka\u017cdego spotkania jest inny i promuje r\u00f3\u017cnorodn\u0105 palet\u0119 produktow\u0105.<\/p>\n<p>Na spotkaniach prowadzona b\u0119dzie degustacja, a uczestnikom b\u0119d\u0105 rozdawane przepisy na wykonanie poszczeg\u00f3lnych da\u0144, co u\u0142atwi im mo\u017cliwo\u015b\u0107 powt\u00f3rzenia potrawy w domu.<\/p>\n<p>Celem projektu jest zach\u0119canie do kupowania lokalnie, po s\u0105siedzku i tym samym wsparcie lubuskich producent\u00f3w jak r\u00f3wnie\u017c propagowanie zdrowego jedzenia, uczulenie na zwracanie uwagi na to, co je\u015b\u0107 i jak przygotowywa\u0107 potrawy.<\/p>\n<p>Na ka\u017cdym spotkaniu obecnych b\u0119dzie kilku producent\u00f3w lokalnych, kt\u00f3rzy b\u0119d\u0105 opowiada\u0107 o walorach produkt\u00f3w, kt\u00f3re zosta\u0142y u\u017cyte w trakcie pokazu.<\/p>\n<p>W zale\u017cno\u015bci od pokazu gotowa\u0107 b\u0119d\u0105 znani kucharze z lubuskiego, producenci produkt\u00f3w regionalnych lub Ko\u0142a Gospody\u0144 Wiejskich.<\/p>\n<p>Z ka\u017cdego pokazu gotowania powstanie kr\u00f3tki filmik, kt\u00f3ry r\u00f3wnie\u017c b\u0119dzie propagowa\u0142 gotowanie na bazie produkt\u00f3w regionalnych, co umo\u017cliwi powt\u00f3rzenie potrawy we w\u0142asnej kuchni w dowolnej chwili.<\/p>\n<p>W roku 2023 zmieniona zosta\u0142a formu\u0142a cyklu \u2013 pokazy warsztat\u00f3w kulinarnych odbywa\u0107 si\u0119 b\u0119d\u0105 w szko\u0142ach gastronomicznych na terenie wojew\u00f3dztwa lubuskiego z udzia\u0142em uczni\u00f3w i nauczycieli zawod\u00f3w i szef\u00f3w kuchni. Planowane w roku 2023 warsztaty kulinarne odb\u0119d\u0105 si\u0119 w Gorzowie Wielkopolskim, Bobowicku ko\u0142o Mi\u0119dzyrzecza i w \u017barach.<\/p>\n<p>Warsztaty odbywa\u0107 si\u0119 b\u0119d\u0105 z wykorzystaniem produkt\u00f3w regionalnych, przepisy natomiast bazowa\u0107 b\u0119d\u0105 na dziczy\u017anie.<\/p>\n<p>Realizuj\u0105c projekt promujemy produkcj\u0119 regionaln\u0105 oraz zdrowy tryb \u017cycia i zdrowe \u017cywienie, zach\u0119canie do zainteresowania si\u0119 produktem tradycyjnym, regionalnym i lokalnym w\u015br\u00f3d m\u0142odego pokolenia.<\/p>\n<p>G\u0142\u00f3wnym produktem podczas spotka\u0144 b\u0119dzie\u00a0<strong>dziczyzna.<\/strong><\/p>\n<p>Zapraszamy do obejrzenia materia\u0142\u00f3w filmowych z cyklu\u00a0<strong>,,Rarytas Lubuski w kuchni\u201d 2023.<\/strong><\/p>\n<\/div>\n<\/div>\n<\/div>\n<\/div>\n<\/div>\n<\/div>\n<\/div>\n<div id=\"cmsms_row_69f16f4f0634a\" class=\"cmsms_row cmsms_color_scheme_default\">\n<div class=\"cmsms_row_outer_parent\">\n<div class=\"cmsms_row_outer\">\n<div class=\"cmsms_row_inner\">\n<div class=\"cmsms_row_margin\">\n<div class=\"cmsms_column one_first\">\n<h3 id=\"cmsms_heading_69f16f4f064c5\" class=\"cmsms_heading\">Gorz\u00f3w Wielkopolski<\/h3><div class=\"custom_html\">\n<iframe loading=\"lazy\" title=\"YouTube video player\" src=\"https:\/\/www.youtube.com\/embed\/mhZSq-ADCOY?si=muv2joW6YIlBmzLR\" width=\"560\" height=\"315\" frameborder=\"0\" allowfullscreen=\"allowfullscreen\"><\/iframe>\n<\/div>\n<\/div>\n<\/div>\n<\/div>\n<\/div>\n<\/div>\n<\/div>\n<div id=\"cmsms_row_69f16f4f06537\" class=\"cmsms_row cmsms_color_scheme_default\">\n<div class=\"cmsms_row_outer_parent\">\n<div class=\"cmsms_row_outer\">\n<div class=\"cmsms_row_inner\">\n<div class=\"cmsms_row_margin\">\n<div class=\"cmsms_column one_first\">\n<h3 id=\"cmsms_heading_69f16f4f065cf\" class=\"cmsms_heading\">\u017bary<\/h3><div class=\"custom_html\">\n<iframe loading=\"lazy\" title=\"YouTube video player\" src=\"https:\/\/www.youtube-nocookie.com\/embed\/2iMXIdFtcp8?si=urgxI7sT6h4PDpEb\" width=\"560\" height=\"315\" frameborder=\"0\" allowfullscreen=\"allowfullscreen\"><\/iframe>\n<\/div>\n<\/div>\n<\/div>\n<\/div>\n<\/div>\n<\/div>\n<\/div>\n<div id=\"cmsms_row_69f16f4f06623\" class=\"cmsms_row cmsms_color_scheme_default\">\n<div class=\"cmsms_row_outer_parent\">\n<div class=\"cmsms_row_outer\">\n<div class=\"cmsms_row_inner\">\n<div class=\"cmsms_row_margin\">\n<div class=\"cmsms_column one_first\">\n<h3 id=\"cmsms_heading_69f16f4f066c0\" class=\"cmsms_heading\">Bobowicko<\/h3><div class=\"custom_html\">\n<iframe loading=\"lazy\" title=\"YouTube video player\" src=\"https:\/\/www.youtube-nocookie.com\/embed\/cvQ72stkSs0?si=jTe7i3YKK-T6pkxE\" width=\"560\" height=\"315\" frameborder=\"0\" allowfullscreen=\"allowfullscreen\"><\/iframe>\n<\/div>\n<\/div>\n<\/div>\n<\/div>\n<\/div>\n<\/div>\n<\/div>\n<div id=\"cmsms_row_69f16f4f06707\" class=\"cmsms_row cmsms_color_scheme_default\">\n<div class=\"cmsms_row_outer_parent\">\n<div class=\"cmsms_row_outer\">\n<div class=\"cmsms_row_inner\">\n<div class=\"cmsms_row_margin\">\n<div class=\"cmsms_column one_first\">\n<div id=\"cmsms_divider_69f16f4f0677d\" class=\"cmsms_divider solid\"><\/div>\n<\/div>\n<\/div>\n<\/div>\n<\/div>\n<\/div>\n<\/div>\n\n","protected":false},"excerpt":{"rendered":"","protected":false},"author":1,"featured_media":0,"parent":4186,"menu_order":0,"comment_status":"closed","ping_status":"closed","template":"","meta":{"footnotes":""},"class_list":["post-4194","page","type-page","status-publish","hentry"],"_links":{"self":[{"href":"https:\/\/lcpr.pl\/zg\/wp-json\/wp\/v2\/pages\/4194","targetHints":{"allow":["GET"]}}],"collection":[{"href":"https:\/\/lcpr.pl\/zg\/wp-json\/wp\/v2\/pages"}],"about":[{"href":"https:\/\/lcpr.pl\/zg\/wp-json\/wp\/v2\/types\/page"}],"author":[{"embeddable":true,"href":"https:\/\/lcpr.pl\/zg\/wp-json\/wp\/v2\/users\/1"}],"replies":[{"embeddable":true,"href":"https:\/\/lcpr.pl\/zg\/wp-json\/wp\/v2\/comments?post=4194"}],"version-history":[{"count":20,"href":"https:\/\/lcpr.pl\/zg\/wp-json\/wp\/v2\/pages\/4194\/revisions"}],"predecessor-version":[{"id":19679,"href":"https:\/\/lcpr.pl\/zg\/wp-json\/wp\/v2\/pages\/4194\/revisions\/19679"}],"up":[{"embeddable":true,"href":"https:\/\/lcpr.pl\/zg\/wp-json\/wp\/v2\/pages\/4186"}],"wp:attachment":[{"href":"https:\/\/lcpr.pl\/zg\/wp-json\/wp\/v2\/media?parent=4194"}],"curies":[{"name":"wp","href":"https:\/\/api.w.org\/{rel}","templated":true}]}}