{"id":4186,"date":"2024-02-23T22:50:56","date_gmt":"2024-02-23T21:50:56","guid":{"rendered":"https:\/\/lcpr.pl\/zg\/?page_id=4186"},"modified":"2026-01-21T15:50:10","modified_gmt":"2026-01-21T14:50:10","slug":"rarytas-lubuski","status":"publish","type":"page","link":"https:\/\/lcpr.pl\/zg\/rarytas-lubuski\/","title":{"rendered":"Rarytas lubuski w kuchni"},"content":{"rendered":"<style type=\"text\/css\"> \n#cmsms_row_69f16e5fb5fd8 .cmsms_row_outer_parent { \n\tpadding-top: 50px; \n} \n\n#cmsms_row_69f16e5fb5fd8 .cmsms_row_outer_parent { \n\tpadding-bottom: 0px; \n} \n\n \n#cmsms_heading_69f16e5fb6132, #cmsms_heading_69f16e5fb6132 a { \n\tfont-size:30px; \n\ttext-align:center; \n\tfont-weight:400; \n\tfont-style:normal; \n\tmargin-top:0px; \n\tmargin-bottom:20px; \n} \n \n#cmsms_row_69f16e5fb6324 .cmsms_row_outer_parent { \n\tpadding-top: 0px; \n} \n\n#cmsms_row_69f16e5fb6324 .cmsms_row_outer_parent { \n\tpadding-bottom: 50px; \n} \n\n \n#cmsms_icon_69f16e5fb63f8 { \n\ttext-align:center; \n\tdisplay:block; } \n\n#cmsms_icon_69f16e5fb63f8 span { \n\tfont-size:40px; \n\tline-height:40px; \n\ttext-align:center; } \n \n#cmsms_row_69f16e5fb6439 .cmsms_row_outer_parent { \n\tpadding-top: 0px; \n} \n\n#cmsms_row_69f16e5fb6439 .cmsms_row_outer_parent { \n\tpadding-bottom: 50px; \n} \n\n \n#cmsms_row_69f16e5fb6ab2 .cmsms_row_outer_parent { \n\tpadding-top: 0px; \n} \n\n#cmsms_row_69f16e5fb6ab2 .cmsms_row_outer_parent { \n\tpadding-bottom: 50px; \n} \n\n \n#cmsms_row_69f16e5fb787b .cmsms_row_outer_parent { \n\tpadding-top: 0px; \n} \n\n#cmsms_row_69f16e5fb787b .cmsms_row_outer_parent { \n\tpadding-bottom: 50px; \n} \n\n<\/style><div id=\"cmsms_row_69f16e5fb5fd8\" class=\"cmsms_row cmsms_color_scheme_default\">\n<div class=\"cmsms_row_outer_parent\">\n<div class=\"cmsms_row_outer\">\n<div class=\"cmsms_row_inner\">\n<div class=\"cmsms_row_margin\">\n<div class=\"cmsms_column one_first\">\n<h2 id=\"cmsms_heading_69f16e5fb6132\" class=\"cmsms_heading\">RARYTAS LUBUSKI W KUCHNI<\/h2><div class=\"cmsms_text\">\n<h5><strong><img loading=\"lazy\" decoding=\"async\" class=\"alignnone size-medium wp-image-14807\" src=\"https:\/\/lcpr.pl\/zg\/wp-content\/uploads\/2025\/05\/rarytas-logo.png\" alt=\"\" width=\"1\" height=\"1\" \/>\u201eRarytas Lubuski w kuchni\u201d<\/strong> to cykl spotka\u0144, podczas kt\u00f3rych odbywaj\u0105 si\u0119 pokazy gotowania na bazie produkt\u00f3w regionalnych od lubuskich producent\u00f3w. Spotkania odbywaj\u0105 si\u0119 w r\u00f3\u017cnych powiatach, na terenie wojew\u00f3dztwa lubuskiego.<\/h5>\n<h5><strong>\u201eRarytas lubuski w kuchni<\/strong>\u201d go\u015bci w gospodarstwach producent\u00f3w, w tym agroturystycznych i wydarzeniach plenerowych. Od roku 2023 go\u015bci r\u00f3wnie\u017c w szko\u0142ach gastronomicznych.<\/h5>\n<h5>Temat przewodni ka\u017cdego spotkania jest inny i promuje r\u00f3\u017cnorodn\u0105 palet\u0119 produktow\u0105.<\/h5>\n<h5>Na spotkaniach prowadzona jest degustacja, a uczestnikom rozdawane s\u0105 przepisy na wykonanie poszczeg\u00f3lnych da\u0144, co u\u0142atwia im mo\u017cliwo\u015b\u0107 powt\u00f3rzenia potrawy w domu.<\/h5>\n<h5>Celem projektu jest zach\u0119canie do kupowania lokalnie, po s\u0105siedzku i tym samym wsparcie lubuskich producent\u00f3w jak r\u00f3wnie\u017c propagowanie zdrowego jedzenia, uczulenie na zwracanie uwagi na to, co je\u015b\u0107 i jak przygotowywa\u0107 potrawy.<\/h5>\n<h5><img loading=\"lazy\" decoding=\"async\" class=\"wp-image-19674 size-large aligncenter\" src=\"https:\/\/lcpr.pl\/zg\/wp-content\/uploads\/2026\/01\/naglowek-rarytas-e1769004620439-1024x707.png\" alt=\"\" width=\"1024\" height=\"707\" srcset=\"https:\/\/lcpr.pl\/zg\/wp-content\/uploads\/2026\/01\/naglowek-rarytas-e1769004620439-1024x707.png 1024w, https:\/\/lcpr.pl\/zg\/wp-content\/uploads\/2026\/01\/naglowek-rarytas-e1769004620439-300x207.png 300w, https:\/\/lcpr.pl\/zg\/wp-content\/uploads\/2026\/01\/naglowek-rarytas-e1769004620439-768x530.png 768w, https:\/\/lcpr.pl\/zg\/wp-content\/uploads\/2026\/01\/naglowek-rarytas-e1769004620439-580x401.png 580w, https:\/\/lcpr.pl\/zg\/wp-content\/uploads\/2026\/01\/naglowek-rarytas-e1769004620439-820x566.png 820w, https:\/\/lcpr.pl\/zg\/wp-content\/uploads\/2026\/01\/naglowek-rarytas-e1769004620439-1160x801.png 1160w, https:\/\/lcpr.pl\/zg\/wp-content\/uploads\/2026\/01\/naglowek-rarytas-e1769004620439.png 1322w\" sizes=\"auto, (max-width: 1024px) 100vw, 1024px\" \/><\/h5>\n<h5>Zach\u0119camy do zapoznania si\u0119 z tym ciekawym projektem realizowanym z powodzeniem od 2021 roku.<\/h5>\n<h5>Poni\u017cej klikaj\u0105c w ikonk\u0119 kamery przejdziecie na naszego YouTubea.<\/h5>\n<div><\/div>\n<\/div>\n<\/div>\n<\/div>\n<\/div>\n<\/div>\n<\/div>\n<\/div>\n<div id=\"cmsms_row_69f16e5fb6324\" class=\"cmsms_row cmsms_color_scheme_default\">\n<div class=\"cmsms_row_outer_parent\">\n<div class=\"cmsms_row_outer\">\n<div class=\"cmsms_row_inner\">\n<div class=\"cmsms_row_margin\">\n<div class=\"cmsms_column one_first\">\n\n<div id=\"cmsms_icon_69f16e5fb63f8\" class=\"icon_wrap\"><a href=\"https:\/\/www.youtube.com\/@lubuskiecentrumprodukturegio\/featured\"><span id=\"cmsms_icon_69f16e5fb63f8\" class=\"cmsms_simple_icon cmsms-icon-videocam-5\"><\/span><\/a><\/div>\n<\/div>\n<\/div>\n<\/div>\n<\/div>\n<\/div>\n<\/div>\n<div id=\"cmsms_row_69f16e5fb6439\" class=\"cmsms_row cmsms_color_scheme_default\">\n<div class=\"cmsms_row_outer_parent\">\n<div class=\"cmsms_row_outer\">\n<div class=\"cmsms_row_inner\">\n<div class=\"cmsms_row_margin\">\n<div class=\"cmsms_column one_fourth\">\n<div class=\"cmsms_img  cmsms_image_n with_caption\">\n<a href=\"https:\/\/lcpr.pl\/zg\/rarytas-lubuski\/rarytas-lubuski-w-kuchni-2025\/\"><img decoding=\"async\" src=\"https:\/\/lcpr.pl\/zg\/wp-content\/uploads\/2026\/01\/573267856_10233113702438596_4888912482176453525_n-e1769005979966-1024x650.jpg\" alt=\"Rarytas Lubuski w kuchni w roku 2025\" \/><\/a>\n<p class=\"cmsms_img_caption\">Rarytas Lubuski w kuchni w roku 2025<\/p><\/div>\n<\/div>\n<div class=\"cmsms_column one_fourth\">\n<\/div>\n<div class=\"cmsms_column one_fourth\">\n<\/div>\n<div class=\"cmsms_column one_fourth\">\n<\/div>\n<\/div>\n<\/div>\n<\/div>\n<\/div>\n<\/div>\n<div id=\"cmsms_row_69f16e5fb6ab2\" class=\"cmsms_row cmsms_color_scheme_default\">\n<div class=\"cmsms_row_outer_parent\">\n<div class=\"cmsms_row_outer\">\n<div class=\"cmsms_row_inner\">\n<div class=\"cmsms_row_margin\">\n<div class=\"cmsms_column one_fourth\">\n<div class=\"cmsms_img  cmsms_image_n with_caption\">\n<a href=\"https:\/\/lcpr.pl\/zg\/rarytas-lubuski\/rarytas-lubuski-w-kuchni-2024\/\"><img decoding=\"async\" src=\"https:\/\/lcpr.pl\/zg\/wp-content\/uploads\/2025\/05\/Zdjecie-113-300x200.jpg\" alt=\"Rarytas Lubuski w kuchni w roku 2024\" \/><\/a>\n<p class=\"cmsms_img_caption\">Rarytas Lubuski w kuchni w roku 2024<\/p><\/div>\n<\/div>\n<div class=\"cmsms_column one_fourth\">\n<div class=\"cmsms_img  cmsms_image_n with_caption\">\n<a href=\"https:\/\/lcpr.pl\/zg\/wp-content\/uploads\/2024\/03\/rarytas-gorzow-2023-1-e1769005774488.jpg\"><img decoding=\"async\" src=\"https:\/\/lcpr.pl\/zg\/wp-content\/uploads\/2024\/03\/rarytas-gorzow-2023-1-e1769005774488-1024x604.jpg\" alt=\"Rarytas Lubuski w kuchni w roku 2023\" \/><\/a>\n<p class=\"cmsms_img_caption\">Rarytas Lubuski w kuchni w roku 2023<\/p><\/div>\n<\/div>\n<div class=\"cmsms_column one_fourth\">\n<div class=\"cmsms_img  cmsms_image_n with_caption\">\n<a href=\"https:\/\/lcpr.pl\/zg\/rarytas-lubuski\/rarytas-2022\/\"><img decoding=\"async\" src=\"https:\/\/lcpr.pl\/zg\/wp-content\/uploads\/2024\/04\/rarytas-2022-1-e1747396053599-300x197.jpg\" alt=\"Rarytas Lubuski w kuchni w roku 2022\" \/><\/a>\n<p class=\"cmsms_img_caption\">Rarytas Lubuski w kuchni w roku 2022<\/p><\/div>\n<\/div>\n<div class=\"cmsms_column one_fourth\">\n<div class=\"cmsms_img  cmsms_image_n with_caption\">\n<a href=\"https:\/\/lcpr.pl\/zg\/rarytas-lubuski\/rarytas-2021\/\"><img decoding=\"async\" src=\"https:\/\/lcpr.pl\/zg\/wp-content\/uploads\/2025\/05\/chwasty-2021-3-300x200.jpg\" alt=\"Rarytas Lubuski w kuchni w roku 2021\" \/><\/a>\n<p class=\"cmsms_img_caption\">Rarytas Lubuski w kuchni w roku 2021<\/p><\/div>\n<\/div>\n<\/div>\n<\/div>\n<\/div>\n<\/div>\n<\/div>\n<div id=\"cmsms_row_69f16e5fb787b\" class=\"cmsms_row cmsms_color_scheme_default\">\n<div class=\"cmsms_row_outer_parent\">\n<div class=\"cmsms_row_outer\">\n<div class=\"cmsms_row_inner\">\n<div class=\"cmsms_row_margin\">\n<div class=\"cmsms_column one_first\">\n<div id=\"cmsms_video_wrap_69f16e5fb8070\" class=\"cmsms_video_wrap\">\n<\/div>\n<\/div>\n<\/div>\n<\/div>\n<\/div>\n<\/div>\n<\/div>\n\n","protected":false},"excerpt":{"rendered":"","protected":false},"author":1,"featured_media":0,"parent":0,"menu_order":0,"comment_status":"closed","ping_status":"closed","template":"","meta":{"footnotes":""},"class_list":["post-4186","page","type-page","status-publish","hentry"],"_links":{"self":[{"href":"https:\/\/lcpr.pl\/zg\/wp-json\/wp\/v2\/pages\/4186","targetHints":{"allow":["GET"]}}],"collection":[{"href":"https:\/\/lcpr.pl\/zg\/wp-json\/wp\/v2\/pages"}],"about":[{"href":"https:\/\/lcpr.pl\/zg\/wp-json\/wp\/v2\/types\/page"}],"author":[{"embeddable":true,"href":"https:\/\/lcpr.pl\/zg\/wp-json\/wp\/v2\/users\/1"}],"replies":[{"embeddable":true,"href":"https:\/\/lcpr.pl\/zg\/wp-json\/wp\/v2\/comments?post=4186"}],"version-history":[{"count":51,"href":"https:\/\/lcpr.pl\/zg\/wp-json\/wp\/v2\/pages\/4186\/revisions"}],"predecessor-version":[{"id":19689,"href":"https:\/\/lcpr.pl\/zg\/wp-json\/wp\/v2\/pages\/4186\/revisions\/19689"}],"wp:attachment":[{"href":"https:\/\/lcpr.pl\/zg\/wp-json\/wp\/v2\/media?parent=4186"}],"curies":[{"name":"wp","href":"https:\/\/api.w.org\/{rel}","templated":true}]}}