{"id":3937,"date":"2024-02-21T18:31:21","date_gmt":"2024-02-21T17:31:21","guid":{"rendered":"https:\/\/lcpr.pl\/zg\/?page_id=3937"},"modified":"2024-03-15T22:21:56","modified_gmt":"2024-03-15T21:21:56","slug":"deklaracja-dostepnosci","status":"publish","type":"page","link":"https:\/\/lcpr.pl\/zg\/deklaracja-dostepnosci\/","title":{"rendered":"Deklaracja dost\u0119pno\u015bci"},"content":{"rendered":"<style type=\"text\/css\"> \n#cmsms_row_69f16f52576f7 .cmsms_row_outer_parent { \n\tpadding-top: 50px; \n} \n\n#cmsms_row_69f16f52576f7 .cmsms_row_outer_parent { \n\tpadding-bottom: 0px; \n} \n\n \n#cmsms_heading_69f16f52578a4, #cmsms_heading_69f16f52578a4 a { \n\tfont-size:28px; \n\ttext-align:left; \n\tfont-weight:400; \n\tfont-style:normal; \n\tmargin-top:0px; \n\tmargin-bottom:20px; \n} \n \n#cmsms_heading_69f16f52578fe, #cmsms_heading_69f16f52578fe a { \n\tfont-size:28px; \n\ttext-align:left; \n\tfont-weight:400; \n\tfont-style:normal; \n\tmargin-top:0px; \n\tmargin-bottom:20px; \n} \n \n#cmsms_heading_69f16f5257943, #cmsms_heading_69f16f5257943 a { \n\tfont-size:28px; \n\ttext-align:left; \n\tfont-weight:400; \n\tfont-style:normal; \n\tmargin-top:0px; \n\tmargin-bottom:20px; \n} \n\n#cmsms_button_69f16f525798b { \n\ttext-align:left; \n} \n\n#cmsms_button_69f16f525798b .cmsms_button:before { \n\tmargin-right:.5em; \n\tmargin-left:0; \n\tvertical-align:baseline; \n} \n\n#cmsms_button_69f16f525798b .cmsms_button { \n\tfont-weight:100; \n\tfont-style:normal; \n\tpadding-right:20px; \n\tpadding-left:20px; \n} \n#cmsms_button_69f16f525798b .cmsms_button:hover { \n} \n \n#cmsms_row_69f16f52579e4 .cmsms_row_outer_parent { \n\tpadding-top: 0px; \n} \n\n#cmsms_row_69f16f52579e4 .cmsms_row_outer_parent { \n\tpadding-bottom: 0px; \n} \n\n \n#cmsms_divider_69f16f5257a33 { \n\tpadding-top:50px; \n\tmargin-bottom:40px; \n} \n<\/style><div id=\"cmsms_row_69f16f52576f7\" class=\"cmsms_row cmsms_color_scheme_default\">\n<div class=\"cmsms_row_outer_parent\">\n<div class=\"cmsms_row_outer\">\n<div class=\"cmsms_row_inner\">\n<div class=\"cmsms_row_margin\">\n<div class=\"cmsms_column one_first\">\n<h2 id=\"cmsms_heading_69f16f52578a4\" class=\"cmsms_heading\">Deklaracja dost\u0119pno\u015bci<\/h2><div class=\"cmsms_text\">\n<p><strong>Lubuskie Centrum Produktu Regionalnego w Zielonej G\u00f3rze<\/strong> zobowi\u0105zuje si\u0119 zapewni\u0107 dost\u0119pno\u015b\u0107 swojej strony internetowej zgodnie z ustaw\u0105 z dnia 4 kwietnia 2019 r. o dost\u0119pno\u015bci cyfrowej stron internetowych i aplikacji mobilnych podmiot\u00f3w publicznych. O\u015bwiadczenie w sprawie dost\u0119pno\u015bci ma zastosowanie do <a href=\"https:\/\/lcpr.pl\/zg\/\">strony internetowej Lubuskiego Centrum Produktu Regionalnego w Zielonej G\u00f3rze<\/a>.<\/p>\n<p>Data publikacji strony internetowej: 2019-03-11<\/p>\n<p>Data ostatniej istotnej aktualizacji: 2020-03-31<\/p>\n<p>Strona internetowa jest <strong>zgodna<\/strong> z ustaw\u0105 z dnia 4 kwietnia 2019 r. o dost\u0119pno\u015bci cyfrowej stron internetowych i aplikacji mobilnych podmiot\u00f3w publicznych.<\/p>\n<p>O\u015bwiadczenie sporz\u0105dzono dnia: 2019-07-20. Deklaracj\u0119 sporz\u0105dzono na podstawie samooceny przeprowadzonej przez podmiot publiczny.<\/p>\n<p>Na stronie internetowej mo\u017cna u\u017cywa\u0107 standardowych skr\u00f3t\u00f3w klawiaturowych przegl\u0105darki.<\/p>\n<\/div>\n<h2 id=\"cmsms_heading_69f16f52578fe\" class=\"cmsms_heading\">Informacje zwrotne i dane kontaktowe<\/h2><div class=\"cmsms_text\">\n<p>W przypadku problem\u00f3w z dost\u0119pno\u015bci\u0105 strony internetowej prosimy o kontakt. Osob\u0105 kontaktow\u0105 jest <strong>Marta Forszpaniak<\/strong>, <a href=\"mailto:m.forszpaniak@lcpr.pl\">m.forszpaniak@lcpr.pl<\/a>. Kontaktowa\u0107 mo\u017cna si\u0119 tak\u017ce dzwoni\u0105c na numer telefonu <strong>68 326 74 01<\/strong>. T\u0105 sam\u0105 drog\u0105 mo\u017cna sk\u0142ada\u0107 wnioski o udost\u0119pnienie informacji niedost\u0119pnej oraz sk\u0142ada\u0107 skargi na brak zapewnienia dost\u0119pno\u015bci.<\/p>\n<p>Ka\u017cdy ma prawo do wyst\u0105pienia z \u017c\u0105daniem zapewnienia dost\u0119pno\u015bci cyfrowej strony internetowej, aplikacji mobilnej lub jakiego\u015b ich elementu. Mo\u017cna tak\u017ce za\u017c\u0105da\u0107 udost\u0119pnienia informacji za pomoc\u0105 alternatywnego sposobu dost\u0119pu, na przyk\u0142ad przez odczytanie niedost\u0119pnego cyfrowo dokumentu, opisanie zawarto\u015bci filmu bez audiodeskrypcji itp. \u017b\u0105danie powinno zawiera\u0107 dane osoby zg\u0142aszaj\u0105cej \u017c\u0105danie, wskazanie, o kt\u00f3r\u0105 stron\u0119 internetow\u0105 lub aplikacj\u0119 mobiln\u0105 chodzi oraz spos\u00f3b kontaktu. Je\u017celi osoba \u017c\u0105daj\u0105ca zg\u0142asza potrzeb\u0119 otrzymania informacji za pomoc\u0105 alternatywnego sposobu dost\u0119pu, powinna tak\u017ce okre\u015bli\u0107 dogodny dla niej spos\u00f3b przedstawienia tej informacji.<\/p>\n<p>Podmiot publiczny powinien zrealizowa\u0107 \u017c\u0105danie niezw\u0142ocznie, nie p\u00f3\u017aniej ni\u017c w ci\u0105gu 7 dni od dnia wyst\u0105pienia z \u017c\u0105daniem. Je\u017celi dotrzymanie tego terminu nie jest mo\u017cliwe, podmiot publiczny niezw\u0142ocznie informuje o tym wnosz\u0105cego \u017c\u0105danie, kiedy realizacja \u017c\u0105dania b\u0119dzie mo\u017cliwa, przy czym termin ten nie mo\u017ce by\u0107 d\u0142u\u017cszy ni\u017c 2 miesi\u0105ce od dnia wyst\u0105pienia z \u017c\u0105daniem. Je\u017celi zapewnienie dost\u0119pno\u015bci cyfrowej nie jest mo\u017cliwe, podmiot publiczny mo\u017ce zaproponowa\u0107 alternatywny spos\u00f3b dost\u0119pu do informacji.<\/p>\n<p>W przypadku, gdy podmiot publiczny odm\u00f3wi realizacji \u017c\u0105dania zapewnienia dost\u0119pno\u015bci lub alternatywnego sposobu dost\u0119pu do informacji, wnosz\u0105cy \u017c\u0105danie mo\u017cne z\u0142o\u017cy\u0107 skarg\u0119 w sprawie zapewniana dost\u0119pno\u015bci cyfrowej strony internetowej, aplikacji mobilnej lub elementu strony internetowej, lub aplikacji mobilnej.<\/p>\n<p>Po wyczerpaniu wskazanej wy\u017cej procedury mo\u017cna tak\u017ce z\u0142o\u017cy\u0107 wniosek do Rzecznika Praw Obywatelskich.<\/p>\n<\/div>\n<h2 id=\"cmsms_heading_69f16f5257943\" class=\"cmsms_heading\">Dost\u0119pno\u015b\u0107 architektoniczna<\/h2><div class=\"cmsms_text\">\n<p>Podjazd dla os\u00f3b niepe\u0142nosprawnych znajduje si\u0119 z boku budynku, przy wej\u015bciu od strony parkingu przy ulicy Fryderyka Chopina. Nie obowi\u0105zuj\u0105 obszary kontroli. Punkt obs\u0142ugi znajduje si\u0119 na parterze. Istnieje mo\u017cliwo\u015b\u0107 wst\u0119pu z psem asystuj\u0105cym bez ogranicze\u0144.<\/p>\n<p>Osoby uprawnione, chc\u0105c za\u0142atwi\u0107 spraw\u0119 z pomoc\u0105 t\u0142umacza polskiego j\u0119zyka migowego (PJM), systemu j\u0119zykowo-migowego (SJM), sposobu komunikowania si\u0119 os\u00f3b g\u0142uchoniewidomych (SKOGN) proszone s\u0105 o z\u0142o\u017cenie\u00a0<strong>pisemnego wniosku<\/strong>\u00a0lub\u00a0<strong>kontakt telefoniczny<\/strong>\u00a0(poprzez inn\u0105 osob\u0119) pod telefonem<strong>\u00a0683267401<\/strong>.<\/p>\n<p>Pisemny wniosek mo\u017cna dostarczy\u0107 na jeden z wybranych sposob\u00f3w:<\/p>\n<ul>\n<li><u>poczt\u0105 tradycyjn\u0105 na adres:<\/u><br \/>\nLubuskie Centrum Produktu Regionalnego w Zielonej G\u00f3rze<br \/>\nul. Fryderyka Chopina 14<br \/>\n65-031 Zielona G\u00f3ra<\/li>\n<li><u>osobi\u015bcie w sekretariacie<\/u>\u00a0Lubuskiego Centrum Produktu Regionalnego w Zielonej G\u00f3rze w godzinach pracy jednostki 8.00 -16.00,<\/li>\n<li><u>mailem na adres<\/u>: <a href=\"mailto:sekretariat@lcpr.pl\">sekretariat@lcpr.pl<\/a>.<\/li>\n<\/ul>\n<\/div>\n\n<div id=\"cmsms_button_69f16f525798b\" class=\"button_wrap\"><a href=\"https:\/\/lcpr.pl\/zg\/wp-content\/uploads\/2024\/02\/wniosek-tlumacz-migowy.doc\" class=\"cmsms_button cmsms-icon-doc-text\">Pobierz wniosek-tlumacz-migowy.doc<\/a><\/div>\n<\/div>\n<\/div>\n<\/div>\n<\/div>\n<\/div>\n<\/div>\n<div id=\"cmsms_row_69f16f52579e4\" class=\"cmsms_row cmsms_color_scheme_default\">\n<div class=\"cmsms_row_outer_parent\">\n<div class=\"cmsms_row_outer\">\n<div class=\"cmsms_row_inner\">\n<div class=\"cmsms_row_margin\">\n<div class=\"cmsms_column one_first\">\n<div id=\"cmsms_divider_69f16f5257a33\" class=\"cmsms_divider solid\"><\/div>\n<\/div>\n<\/div>\n<\/div>\n<\/div>\n<\/div>\n<\/div>\n\n","protected":false},"excerpt":{"rendered":"","protected":false},"author":1,"featured_media":0,"parent":0,"menu_order":0,"comment_status":"closed","ping_status":"closed","template":"","meta":{"footnotes":""},"class_list":["post-3937","page","type-page","status-publish","hentry"],"_links":{"self":[{"href":"https:\/\/lcpr.pl\/zg\/wp-json\/wp\/v2\/pages\/3937","targetHints":{"allow":["GET"]}}],"collection":[{"href":"https:\/\/lcpr.pl\/zg\/wp-json\/wp\/v2\/pages"}],"about":[{"href":"https:\/\/lcpr.pl\/zg\/wp-json\/wp\/v2\/types\/page"}],"author":[{"embeddable":true,"href":"https:\/\/lcpr.pl\/zg\/wp-json\/wp\/v2\/users\/1"}],"replies":[{"embeddable":true,"href":"https:\/\/lcpr.pl\/zg\/wp-json\/wp\/v2\/comments?post=3937"}],"version-history":[{"count":7,"href":"https:\/\/lcpr.pl\/zg\/wp-json\/wp\/v2\/pages\/3937\/revisions"}],"predecessor-version":[{"id":4361,"href":"https:\/\/lcpr.pl\/zg\/wp-json\/wp\/v2\/pages\/3937\/revisions\/4361"}],"wp:attachment":[{"href":"https:\/\/lcpr.pl\/zg\/wp-json\/wp\/v2\/media?parent=3937"}],"curies":[{"name":"wp","href":"https:\/\/api.w.org\/{rel}","templated":true}]}}