{"id":2503,"date":"2014-07-23T09:20:39","date_gmt":"2014-07-23T09:20:39","guid":{"rendered":"http:\/\/eco-nature.cmsmasters.net\/?page_id=2503"},"modified":"2025-06-02T10:22:04","modified_gmt":"2025-06-02T08:22:04","slug":"kontakt","status":"publish","type":"page","link":"https:\/\/lcpr.pl\/zg\/kontakt\/","title":{"rendered":"Kontakt"},"content":{"rendered":"<style type=\"text\/css\"> \n#cmsms_row_69f16e67ad0fb .cmsms_row_outer_parent { \n\tpadding-top: 0px; \n} \n\n#cmsms_row_69f16e67ad0fb .cmsms_row_outer_parent { \n\tpadding-bottom: 0px; \n} \n\n#cmsms_row_69f16e67ad0fb .cmsms_row_inner.cmsms_row_fullwidth { \n\tpadding-left:0%; \n} \n#cmsms_row_69f16e67ad0fb .cmsms_row_inner.cmsms_row_fullwidth { \n\tpadding-right:0%; \n} \n\n#google_map_69f16e67ad283{\n\theight: 400px;\n}\n \n#cmsms_row_69f16e67ad2ca .cmsms_row_outer_parent { \n\tpadding-top: 50px; \n} \n\n#cmsms_row_69f16e67ad2ca .cmsms_row_outer_parent { \n\tpadding-bottom: 50px; \n} \n\n \n#cmsms_heading_69f16e67ad3e4, #cmsms_heading_69f16e67ad3e4 a { \n\tfont-size:24px; \n\tfont-weight:400; \n\tfont-style:normal; \n\tmargin-top:0px; \n\tmargin-bottom:20px; \n} \n \n#cmsms_heading_69f16e67ae5c7, #cmsms_heading_69f16e67ae5c7 a { \n\tfont-size:24px; \n\tfont-weight:400; \n\tfont-style:normal; \n\tmargin-top:0px; \n\tmargin-bottom:38px; \n} \n #cmsms_icon_list_items_69f16e67ae607 { \n\tpadding-left:38px; \n} \n\n#cmsms_icon_list_items_69f16e67ae607 .cmsms_icon_list_item:before { \n\tfont-size:18px; \n\tleft:-38px; \n} \n#cmsms_icon_list_items_69f16e67ae607 .cmsms_icon_list_item { \n\tline-height:26px; \n} \n\n#cmsms_icon_list_items_69f16e67ae607 .cmsms_icon_list_item:before { \n\tline-height:24px; \n} \n\n.cmsms_icon_list_items #cmsms_icon_list_item_69f16e67ae67b:before { \n\tcolor:#58cf90; \n} \n\n.cmsms_icon_list_items #cmsms_icon_list_item_69f16e67ae68d:before { \n\tcolor:#58cf90; \n} \n\n.cmsms_icon_list_items #cmsms_icon_list_item_69f16e67ae698:before { \n\tcolor:#58cf90; \n} \n\n.cmsms_icon_list_items #cmsms_icon_list_item_69f16e67ae6a3:before { \n\tcolor:#58cf90; \n} \n\n.cmsms_icon_list_items #cmsms_icon_list_item_69f16e67ae6ad:before { \n\tcolor:#58cf90; \n} \n<\/style><div id=\"cmsms_row_69f16e67ad0fb\" class=\"cmsms_row cmsms_color_scheme_default\">\n<div class=\"cmsms_row_outer_parent\">\n<div class=\"cmsms_row_outer\">\n<div class=\"cmsms_row_inner cmsms_row_fullwidth\">\n<div class=\"cmsms_row_margin\">\n<div class=\"cmsms_column one_first\">\n\n<script type=\"text\/javascript\">jQuery(document).ready(function () { jQuery(\"#google_map_69f16e67ad283\").gMap( { markers: {latitude: 51.943548489173494, latitude: 15.505660466435312 },maptype: \"ROADMAP\", zoom: 16, scrollwheel: true, doubleClickZoom: true, controls: {panControl: true, zoomControl: true, mapTypeControl: true, scaleControl: true, streetViewControl: true, overviewMapControl: true, },markers: [{latitude: 51.943548489173494,longitude: 15.505660466435312,},] } ); } );<\/script>\n<div id=\"google_map_69f16e67ad283\" class=\"google_map\"><\/div>\n<\/div>\n<\/div>\n<\/div>\n<\/div>\n<\/div>\n<\/div>\n<div id=\"cmsms_row_69f16e67ad2ca\" class=\"cmsms_row cmsms_color_scheme_default cmsms_column_1\">\n<div class=\"cmsms_row_outer_parent\">\n<div class=\"cmsms_row_outer\">\n<div class=\"cmsms_row_inner\">\n<div class=\"cmsms_row_margin\">\n<div class=\"cmsms_column one_half {box-shadow: 0 0 5px #D1D1D3}\">\n<h1 id=\"cmsms_heading_69f16e67ad3e4\" class=\"cmsms_heading\">Wy\u015blij wiadomo\u015b\u0107<\/h1>\n<div class=\"cmsms_contact_form cmsms_column_1\">\n<div class=\"wpcf7 no-js\" id=\"wpcf7-f8-o1\" lang=\"pl-PL\" dir=\"ltr\" data-wpcf7-id=\"8\">\n<div class=\"screen-reader-response\"><p role=\"status\" aria-live=\"polite\" aria-atomic=\"true\"><\/p> <ul><\/ul><\/div>\n<form action=\"\/zg\/wp-json\/wp\/v2\/pages\/2503#wpcf7-f8-o1\" method=\"post\" class=\"wpcf7-form init\" aria-label=\"Formularz kontaktowy\" novalidate=\"novalidate\" data-status=\"init\">\n<fieldset class=\"hidden-fields-container\"><input type=\"hidden\" name=\"_wpcf7\" value=\"8\" \/><input type=\"hidden\" name=\"_wpcf7_version\" value=\"6.1.5\" \/><input type=\"hidden\" name=\"_wpcf7_locale\" value=\"pl_PL\" \/><input type=\"hidden\" name=\"_wpcf7_unit_tag\" value=\"wpcf7-f8-o1\" \/><input type=\"hidden\" name=\"_wpcf7_container_post\" value=\"0\" \/><input type=\"hidden\" name=\"_wpcf7_posted_data_hash\" value=\"\" \/>\n<\/fieldset>\n<p><label> Twoje imi\u0119 i nazwisko<br \/>\n<span class=\"wpcf7-form-control-wrap\" data-name=\"your-name\"><input size=\"40\" maxlength=\"400\" class=\"wpcf7-form-control wpcf7-text wpcf7-validates-as-required\" autocomplete=\"name\" aria-required=\"true\" aria-invalid=\"false\" value=\"\" type=\"text\" name=\"your-name\" \/><\/span> <\/label>\n<\/p>\n<p><label> Tw\u00f3j adres e-mail<br \/>\n<span class=\"wpcf7-form-control-wrap\" data-name=\"your-email\"><input size=\"40\" maxlength=\"400\" class=\"wpcf7-form-control wpcf7-email wpcf7-validates-as-required wpcf7-text wpcf7-validates-as-email\" autocomplete=\"email\" aria-required=\"true\" aria-invalid=\"false\" value=\"\" type=\"email\" name=\"your-email\" \/><\/span> <\/label>\n<\/p>\n<p><label> Temat<br \/>\n<span class=\"wpcf7-form-control-wrap\" data-name=\"your-subject\"><input size=\"40\" maxlength=\"400\" class=\"wpcf7-form-control wpcf7-text wpcf7-validates-as-required\" aria-required=\"true\" aria-invalid=\"false\" value=\"\" type=\"text\" name=\"your-subject\" \/><\/span> <\/label>\n<\/p>\n<p><label> Twoja wiadomo\u015bci (opcjonalne)<br \/>\n<span class=\"wpcf7-form-control-wrap\" data-name=\"your-message\"><textarea cols=\"40\" rows=\"10\" maxlength=\"2000\" class=\"wpcf7-form-control wpcf7-textarea\" aria-invalid=\"false\" name=\"your-message\"><\/textarea><\/span> <\/label>\n<\/p>\n<p><input class=\"wpcf7-form-control wpcf7-submit has-spinner\" type=\"submit\" value=\"Wy\u015blij\" \/>\n<\/p><div class=\"wpcf7-response-output\" aria-hidden=\"true\"><\/div>\n<\/form>\n<\/div>\n<\/div>\n<\/div>\n<div class=\"cmsms_column one_half cmsms_column_1\">\n<h1 id=\"cmsms_heading_69f16e67ae5c7\" class=\"cmsms_heading\">Skontaktuj si\u0119 z nami<\/h1><div class=\"cmsms_text\">\n<h3><strong>Lubuskie Centrum Produktu Regionalnego w Zielonej G\u00f3rze<\/strong><\/h3>\n<\/div>\n \n<ul id=\"cmsms_icon_list_items_69f16e67ae607\" class=\"cmsms_icon_list_items cmsms_icon_list_type_list cmsms_icon_list_pos_left cmsms_color_type_border cmsms_column_1\"><li id=\"cmsms_icon_list_item_69f16e67ae67b\" class=\"cmsms_icon_list_item cmsms-icon-location-7\">ul. Fryderyka Chopina 14, 65-031 Zielona G\u00f3ra<\/li><li id=\"cmsms_icon_list_item_69f16e67ae68d\" class=\"cmsms_icon_list_item cmsms-icon-mail-7\">sekretariat@lcpr.pl<\/li><li id=\"cmsms_icon_list_item_69f16e67ae698\" class=\"cmsms_icon_list_item cmsms-icon-phone\">68 326 74 01<\/li><li id=\"cmsms_icon_list_item_69f16e67ae6a3\" class=\"cmsms_icon_list_item cmsms-icon-mail-7\">e-dor\u0119czenia: AE:PL-17586-52784-VBBGC-12 <\/li><li id=\"cmsms_icon_list_item_69f16e67ae6ad\" class=\"cmsms_icon_list_item cmsms-icon-mail-7\">ePUAP: \/LCPR_Zielona_Gora\/SkrytkaESP<\/li><\/ul>\n<\/div>\n<\/div>\n<\/div>\n<\/div>\n<\/div>\n<\/div>\n\n","protected":false},"excerpt":{"rendered":"","protected":false},"author":1,"featured_media":0,"parent":0,"menu_order":0,"comment_status":"closed","ping_status":"closed","template":"","meta":{"footnotes":""},"class_list":["post-2503","page","type-page","status-publish","hentry"],"_links":{"self":[{"href":"https:\/\/lcpr.pl\/zg\/wp-json\/wp\/v2\/pages\/2503","targetHints":{"allow":["GET"]}}],"collection":[{"href":"https:\/\/lcpr.pl\/zg\/wp-json\/wp\/v2\/pages"}],"about":[{"href":"https:\/\/lcpr.pl\/zg\/wp-json\/wp\/v2\/types\/page"}],"author":[{"embeddable":true,"href":"https:\/\/lcpr.pl\/zg\/wp-json\/wp\/v2\/users\/1"}],"replies":[{"embeddable":true,"href":"https:\/\/lcpr.pl\/zg\/wp-json\/wp\/v2\/comments?post=2503"}],"version-history":[{"count":32,"href":"https:\/\/lcpr.pl\/zg\/wp-json\/wp\/v2\/pages\/2503\/revisions"}],"predecessor-version":[{"id":15237,"href":"https:\/\/lcpr.pl\/zg\/wp-json\/wp\/v2\/pages\/2503\/revisions\/15237"}],"wp:attachment":[{"href":"https:\/\/lcpr.pl\/zg\/wp-json\/wp\/v2\/media?parent=2503"}],"curies":[{"name":"wp","href":"https:\/\/api.w.org\/{rel}","templated":true}]}}