{"id":19087,"date":"2026-01-15T09:01:57","date_gmt":"2026-01-15T08:01:57","guid":{"rendered":"https:\/\/lcpr.pl\/zg\/?page_id=19087"},"modified":"2026-01-20T13:03:18","modified_gmt":"2026-01-20T12:03:18","slug":"zasluzony-producent-lubuski","status":"publish","type":"page","link":"https:\/\/lcpr.pl\/zg\/zasluzony-producent-lubuski\/","title":{"rendered":"Zas\u0142u\u017cony Producent Lubuski"},"content":{"rendered":"<style type=\"text\/css\"> \n#cmsms_row_69e1a1d602fb0 .cmsms_row_outer_parent { \n\tpadding-top: 0px; \n} \n\n#cmsms_row_69e1a1d602fb0 .cmsms_row_outer_parent { \n\tpadding-bottom: 50px; \n} \n\n \n#cmsms_divider_69e1a1d60398e { \n\tpadding-top:50px; \n\tmargin-bottom:50px; \n} \n \n#cmsms_row_69e1a1d60432b .cmsms_row_outer_parent { \n\tpadding-top: 0px; \n} \n\n#cmsms_row_69e1a1d60432b .cmsms_row_outer_parent { \n\tpadding-bottom: 50px; \n} \n\n \n#cmsms_row_69e1a1d608551 .cmsms_row_outer_parent { \n\tpadding-top: 0px; \n} \n\n#cmsms_row_69e1a1d608551 .cmsms_row_outer_parent { \n\tpadding-bottom: 50px; \n} \n\n \n#cmsms_row_69e1a1d608624 .cmsms_row_outer_parent { \n\tpadding-top: 0px; \n} \n\n#cmsms_row_69e1a1d608624 .cmsms_row_outer_parent { \n\tpadding-bottom: 50px; \n} \n\n \n#cmsms_divider_69e1a1d6086c7 { \n\tpadding-top:50px; \n\tmargin-bottom:50px; \n} \n<\/style><div id=\"cmsms_row_69e1a1d602fb0\" class=\"cmsms_row cmsms_color_scheme_default\">\n<div class=\"cmsms_row_outer_parent\">\n<div class=\"cmsms_row_outer\">\n<div class=\"cmsms_row_inner\">\n<div class=\"cmsms_row_margin\">\n<div class=\"cmsms_column one_third\">\n<div class=\"cmsms_text\">\n<p>&nbsp;<\/p>\n<p>&nbsp;<\/p>\n<\/div>\n<div class=\"aligncenter\">\n<div class=\"cmsms_img  cmsms_image_c\">\n<img decoding=\"async\" src=\"https:\/\/lcpr.pl\/zg\/wp-content\/uploads\/2026\/01\/095A7127-scaled.jpg\" \/>\n<\/div>\n<\/div>\n<div class=\"cmsms_text\">\n<p>&nbsp;<\/p>\n<p>&nbsp;<\/p>\n<\/div>\n<div class=\"aligncenter\">\n<div class=\"cmsms_img  cmsms_image_c\">\n<img decoding=\"async\" src=\"https:\/\/lcpr.pl\/zg\/wp-content\/uploads\/2026\/01\/095A7266-scaled.jpg\" \/>\n<\/div>\n<\/div>\n<div class=\"cmsms_text\">\n<p>&nbsp;<\/p>\n<p>&nbsp;<\/p>\n<\/div>\n<div class=\"aligncenter\">\n<div class=\"cmsms_img  cmsms_image_c\">\n<img decoding=\"async\" src=\"https:\/\/lcpr.pl\/zg\/wp-content\/uploads\/2026\/01\/095A7177-scaled.jpg\" \/>\n<\/div>\n<\/div>\n<div id=\"cmsms_divider_69e1a1d60398e\" class=\"cmsms_divider solid\"><\/div>\n<\/div>\n<div class=\"cmsms_column one_third\">\n<div class=\"cmsms_text\">\n<p>&nbsp;<\/p>\n<p>&nbsp;<\/p>\n<\/div>\n<div class=\"cmsms_text\">\n<address>\n<p style=\"text-align: center;\"><strong><em><u>Zas\u0142u\u017cony Producent Lubuski<\/u><\/em><\/strong><\/p>\n<p>W 2025 roku Lubuskie Centrum Produktu Regionalnego w Zielonej G\u00f3rze z uwagi na wyr\u00f3\u017cnienie producent\u00f3w produkt\u00f3w tradycyjnych, regionalnych<br \/>\ni lokalnych wojew\u00f3dztwa lubuskiego postanowi\u0142o przyzna\u0107 Odznaczenia Zas\u0142u\u017cony Producent Lubuski. Odznaczenie nadawane jest producentom wytwarzaj\u0105cym swoje produkty (produkty spo\u017cywcze) na terenie wojew\u00f3dztwa lubuskiego. Celem Odznaczenia jest budowania wiarygodnego wizerunku producenta w\u015br\u00f3d klient\u00f3w, odbiorc\u00f3w, a tak\u017ce innych producent\u00f3w. Nadane Wyr\u00f3\u017cnienie ma \u015bwiadczy\u0107 o wyj\u0105tkowo\u015bci, historii, tradycji i najwy\u017cszej jako\u015bci jego produkt\u00f3w.<\/p>\n<p>Odznaczenie przyznawane jest na podstawie ocenionego przez Kapitu\u0142\u0119 formularza, kt\u00f3re posiada odpowiednie stopnie gradacji w zale\u017cno\u015bci od uzyskanych punkt\u00f3w:<\/p>\n<ul>\n<li><strong>Zas\u0142u\u017cony Producent Lubuski<\/strong> <strong>\u2013 Z\u0142oto,<\/strong><\/li>\n<li><strong>Zas\u0142u\u017cony Producent Lubuski \u2013 Srebro,<\/strong><\/li>\n<li><strong>Zas\u0142u\u017cony Producent Lubuski \u2013 Br\u0105z.<\/strong><\/li>\n<\/ul>\n<p>W 2025 przyj\u0119li\u015bmy 48 formularzy zg\u0142oszeniowych, z czego:<\/p>\n<p>&#8211; 23 producent\u00f3w otrzyma\u0142o miano Zas\u0142u\u017cony Producent Lubuski \u2013 Z\u0142oto,<\/p>\n<p>&#8211; 16 producent\u00f3w otrzyma\u0142o miano Zas\u0142u\u017cony Producent Lubuski \u2013 Srebro,<\/p>\n<p>&#8211; 9 producent\u00f3w otrzyma\u0142o miano Zas\u0142u\u017cony Producent Lubuski \u2013 Br\u0105z.<\/p>\n<p>Odznaczenia s\u0105 zaplanowane jako coroczne wyr\u00f3\u017cnienie dla nowych producent\u00f3w lub producent\u00f3w, kt\u00f3rzy do tej pory otrzymali ni\u017csze Odznaczenie ni\u017c Z\u0142oto. Aktualnie pracujemy nad Regulaminem Odznacze\u0144 dla prac R\u0119kodzielnik\u00f3w \u2013 o post\u0119pach b\u0119dziemy Pa\u0144stwa informowa\u0107. Nab\u00f3r formularzy b\u0119dzie odbywa\u0142 si\u0119 cyklicznie jesieni\u0105 o czym b\u0119dziemy Pa\u0144stwa informowa\u0107 na naszej stronie internetowej oraz w social mediach.<\/p>\n<\/address>\n<address>\u00a0<\/address>\n<address style=\"text-align: left;\">\u00a0<\/address>\n<\/div>\n<\/div>\n<div class=\"cmsms_column one_third\">\n<div class=\"cmsms_text\">\n<p>&nbsp;<\/p>\n<p>&nbsp;<\/p>\n<\/div>\n<div class=\"aligncenter\">\n<div class=\"cmsms_img  cmsms_image_c\">\n<img decoding=\"async\" src=\"https:\/\/lcpr.pl\/zg\/wp-content\/uploads\/2026\/01\/095A7182-scaled.jpg\" \/>\n<\/div>\n<\/div>\n<div class=\"cmsms_text\">\n<p>&nbsp;<\/p>\n<p>&nbsp;<\/p>\n<\/div>\n<div class=\"aligncenter\">\n<div class=\"cmsms_img  cmsms_image_c\">\n<img decoding=\"async\" src=\"https:\/\/lcpr.pl\/zg\/wp-content\/uploads\/2026\/01\/095A7148-scaled.jpg\" \/>\n<\/div>\n<\/div>\n<div class=\"cmsms_text\">\n<p>&nbsp;<\/p>\n<p>&nbsp;<\/p>\n<\/div>\n<div class=\"aligncenter\">\n<div class=\"cmsms_img  cmsms_image_c\">\n<img decoding=\"async\" src=\"https:\/\/lcpr.pl\/zg\/wp-content\/uploads\/2026\/01\/095A7408-scaled.jpg\" \/>\n<\/div>\n<\/div>\n<\/div>\n<\/div>\n<\/div>\n<\/div>\n<\/div>\n<\/div>\n<div id=\"cmsms_row_69e1a1d60432b\" class=\"cmsms_row cmsms_color_scheme_default\">\n<div class=\"cmsms_row_outer_parent\">\n<div class=\"cmsms_row_outer\">\n<div class=\"cmsms_row_inner\">\n<div class=\"cmsms_row_margin\">\n<div class=\"cmsms_column one_first\">\n<div class=\"cmsms_wrap_blog entry-summary\" id=\"blog_69e1a1d604402\"><script type=\"text\/javascript\">\r\njQuery(document).ready(function () {\r\n\t(function ($) {\r\n\t\tif ($('#blog_69e1a1d604402').find('article').length == '0') {\r\n\t\t\treturn false;\r\n\t\t}\r\n\t\t\r\n\t\r\n\t\tstartBlog( \r\n\t\t\t'69e1a1d604402', \r\n\t\t\t'columns', \r\n\t\t\t'grid', \r\n\t\t\t'https:\/\/lcpr.pl\/zg\/wp-content\/plugins\/cmsms-content-composer\/', \r\n\t\t\t'id', \r\n\t\t\t'ASC', \r\n\t\t\t'12', \r\n\t\t\t'zasluzony', \r\n\t\t\t'date,categories,author,comments,likes,more' \r\n\t\t);\r\n\t} )(jQuery);\r\n} );\r\n<\/script>\r\n<div class=\"blog columns grid cmsms_3\">\r\n<!--_________________________ Start Standard Article _________________________ -->\r\n\r\n<article id=\"post-19151\" class=\"cmsms_post_masonry post-19151 post type-post status-publish format-standard has-post-thumbnail hentry category-zasluzony\" data-category=\"zasluzony\">\r\n\t<span class=\"cmsms_post_format_img  cmsms-icon-desktop-3\"><\/span>\r\n\t<div class=\"cmsms_post_cont\">\r\n\t<figure><a href=\"https:\/\/lcpr.pl\/zg\/2026\/01\/15\/zasluzony-producent-zloty\/\" title=\"Zas\u0142u\u017cony Producent Z\u0142oty\" class=\"cmsms_img_link preloader\"><img loading=\"lazy\" decoding=\"async\" width=\"580\" height=\"390\" src=\"https:\/\/lcpr.pl\/zg\/wp-content\/uploads\/2026\/01\/test3-580x390.jpg\" class=\"full-width wp-post-image\" alt=\"Zas\u0142u\u017cony Producent Z\u0142oty\" title=\"Zas\u0142u\u017cony Producent Z\u0142oty\" \/><\/a><\/figure><header class=\"cmsms_post_header entry-header\"><h2 class=\"cmsms_post_title entry-title\"><a href=\"https:\/\/lcpr.pl\/zg\/2026\/01\/15\/zasluzony-producent-zloty\/\">Zas\u0142u\u017cony Producent Z\u0142oty<\/a><\/h2><\/header><div class=\"cmsms_post_cont_info entry-meta\"><span class=\"cmsms_post_user_name\"><\/span><span class=\"cmsms_post_category\">Kategoria <a href=\"https:\/\/lcpr.pl\/zg\/category\/zasluzony\/\" rel=\"category tag\">Zas\u0142u\u017cony Producent Lubuski<\/a><\/span><\/div><div class=\"cmsms_post_content entry-content\">\n<p>Zas\u0142u\u017cony Producent Lubuski \u2013 Z\u0142oto<\/p>\n<\/div>\n<footer class=\"cmsms_post_footer entry-meta tar\"><div class=\"cmsms_post_meta_info\"><abbr class=\"published cmsms_post_date cmsms-icon-calendar-8\" title=\"2026-01-15\">2026-01-15<\/abbr><abbr class=\"dn date updated\" title=\"2026-01-20\">2026-01-20<\/abbr><a href=\"#\" onclick=\"cmsmsLike(19151); return false;\" id=\"cmsmsLike-19151\" class=\"cmsmsLike cmsms-icon-heart-7\"><span>4<\/span><\/a><\/div><a class=\"button cmsms_post_read_more\" href=\"https:\/\/lcpr.pl\/zg\/2026\/01\/15\/zasluzony-producent-zloty\/\">Wi\u0119cej informacji<\/a><\/footer>\t<\/div>\r\n<\/article>\r\n<!--_________________________ Finish Standard Article _________________________ -->\r\n\r\n\r\n<!--_________________________ Start Standard Article _________________________ -->\r\n\r\n<article id=\"post-19352\" class=\"cmsms_post_masonry post-19352 post type-post status-publish format-standard has-post-thumbnail hentry category-zasluzony\" data-category=\"zasluzony\">\r\n\t<span class=\"cmsms_post_format_img  cmsms-icon-desktop-3\"><\/span>\r\n\t<div class=\"cmsms_post_cont\">\r\n\t<figure><a href=\"https:\/\/lcpr.pl\/zg\/2026\/01\/16\/zasluzony-producent-srebrny-ok\/\" title=\"Zas\u0142u\u017cony Producent Srebrny\" class=\"cmsms_img_link preloader\"><img loading=\"lazy\" decoding=\"async\" width=\"580\" height=\"390\" src=\"https:\/\/lcpr.pl\/zg\/wp-content\/uploads\/2026\/01\/zasluzony-srebro-580x390.jpg\" class=\"full-width wp-post-image\" alt=\"Zas\u0142u\u017cony Producent Srebrny\" title=\"Zas\u0142u\u017cony Producent Srebrny\" \/><\/a><\/figure><header class=\"cmsms_post_header entry-header\"><h2 class=\"cmsms_post_title entry-title\"><a href=\"https:\/\/lcpr.pl\/zg\/2026\/01\/16\/zasluzony-producent-srebrny-ok\/\">Zas\u0142u\u017cony Producent Srebrny<\/a><\/h2><\/header><div class=\"cmsms_post_cont_info entry-meta\"><span class=\"cmsms_post_user_name\"><\/span><span class=\"cmsms_post_category\">Kategoria <a href=\"https:\/\/lcpr.pl\/zg\/category\/zasluzony\/\" rel=\"category tag\">Zas\u0142u\u017cony Producent Lubuski<\/a><\/span><\/div><div class=\"cmsms_post_content entry-content\">\n<p>Zas\u0142u\u017cony Producent Lubuski \u2013 Srebrny<\/p>\n<\/div>\n<footer class=\"cmsms_post_footer entry-meta tar\"><div class=\"cmsms_post_meta_info\"><abbr class=\"published cmsms_post_date cmsms-icon-calendar-8\" title=\"2026-01-16\">2026-01-16<\/abbr><abbr class=\"dn date updated\" title=\"2026-01-21\">2026-01-21<\/abbr><a href=\"#\" onclick=\"cmsmsLike(19352); return false;\" id=\"cmsmsLike-19352\" class=\"cmsmsLike cmsms-icon-heart-7\"><span>4<\/span><\/a><\/div><a class=\"button cmsms_post_read_more\" href=\"https:\/\/lcpr.pl\/zg\/2026\/01\/16\/zasluzony-producent-srebrny-ok\/\">Wi\u0119cej informacji<\/a><\/footer>\t<\/div>\r\n<\/article>\r\n<!--_________________________ Finish Standard Article _________________________ -->\r\n\r\n\r\n<!--_________________________ Start Standard Article _________________________ -->\r\n\r\n<article id=\"post-19420\" class=\"cmsms_post_masonry post-19420 post type-post status-publish format-standard has-post-thumbnail hentry category-zasluzony\" data-category=\"zasluzony\">\r\n\t<span class=\"cmsms_post_format_img  cmsms-icon-desktop-3\"><\/span>\r\n\t<div class=\"cmsms_post_cont\">\r\n\t<figure><a href=\"https:\/\/lcpr.pl\/zg\/2026\/01\/16\/zasluzony-producent-braz-ok\/\" title=\"Zas\u0142u\u017cony Producent Br\u0105z\" class=\"cmsms_img_link preloader\"><img loading=\"lazy\" decoding=\"async\" width=\"580\" height=\"390\" src=\"https:\/\/lcpr.pl\/zg\/wp-content\/uploads\/2026\/01\/zasluzony-braz-580x390.jpg\" class=\"full-width wp-post-image\" alt=\"Zas\u0142u\u017cony Producent Br\u0105z\" title=\"Zas\u0142u\u017cony Producent Br\u0105z\" \/><\/a><\/figure><header class=\"cmsms_post_header entry-header\"><h2 class=\"cmsms_post_title entry-title\"><a href=\"https:\/\/lcpr.pl\/zg\/2026\/01\/16\/zasluzony-producent-braz-ok\/\">Zas\u0142u\u017cony Producent Br\u0105z<\/a><\/h2><\/header><div class=\"cmsms_post_cont_info entry-meta\"><span class=\"cmsms_post_user_name\"><\/span><span class=\"cmsms_post_category\">Kategoria <a href=\"https:\/\/lcpr.pl\/zg\/category\/zasluzony\/\" rel=\"category tag\">Zas\u0142u\u017cony Producent Lubuski<\/a><\/span><\/div><div class=\"cmsms_post_content entry-content\">\n<p>Zas\u0142u\u017cony Producent Lubuski - Br\u0105z<\/p>\n<\/div>\n<footer class=\"cmsms_post_footer entry-meta tar\"><div class=\"cmsms_post_meta_info\"><abbr class=\"published cmsms_post_date cmsms-icon-calendar-8\" title=\"2026-01-16\">2026-01-16<\/abbr><abbr class=\"dn date updated\" title=\"2026-01-21\">2026-01-21<\/abbr><a href=\"#\" onclick=\"return false;\" id=\"cmsmsLike-19420\" class=\"cmsmsLike active cmsms-icon-heart-7\"><span>5<\/span><\/a><\/div><a class=\"button cmsms_post_read_more\" href=\"https:\/\/lcpr.pl\/zg\/2026\/01\/16\/zasluzony-producent-braz-ok\/\">Wi\u0119cej informacji<\/a><\/footer>\t<\/div>\r\n<\/article>\r\n<!--_________________________ Finish Standard Article _________________________ -->\r\n\r\n<\/div><div class=\"cmsms_wrap_more_posts cmsms_wrap_more_items\"><\/div><\/div>\n<\/div>\n<\/div>\n<\/div>\n<\/div>\n<\/div>\n<\/div>\n<div id=\"cmsms_row_69e1a1d608551\" class=\"cmsms_row cmsms_color_scheme_default\">\n<div class=\"cmsms_row_outer_parent\">\n<div class=\"cmsms_row_outer\">\n<div class=\"cmsms_row_inner\">\n<div class=\"cmsms_row_margin\">\n<div class=\"cmsms_column one_first\">\n<div class=\"cmsms_text\">\n<p>Click here to change this text<\/p>\n<\/div>\n<\/div>\n<\/div>\n<\/div>\n<\/div>\n<\/div>\n<\/div>\n<div id=\"cmsms_row_69e1a1d608624\" class=\"cmsms_row cmsms_color_scheme_default\">\n<div class=\"cmsms_row_outer_parent\">\n<div class=\"cmsms_row_outer\">\n<div class=\"cmsms_row_inner\">\n<div class=\"cmsms_row_margin\">\n<div class=\"cmsms_column one_first\">\n<div id=\"cmsms_divider_69e1a1d6086c7\" class=\"cmsms_divider solid\"><\/div>\n<\/div>\n<\/div>\n<\/div>\n<\/div>\n<\/div>\n<\/div>\n\n","protected":false},"excerpt":{"rendered":"","protected":false},"author":9,"featured_media":0,"parent":0,"menu_order":0,"comment_status":"closed","ping_status":"closed","template":"","meta":{"footnotes":""},"class_list":["post-19087","page","type-page","status-publish","hentry"],"_links":{"self":[{"href":"https:\/\/lcpr.pl\/zg\/wp-json\/wp\/v2\/pages\/19087","targetHints":{"allow":["GET"]}}],"collection":[{"href":"https:\/\/lcpr.pl\/zg\/wp-json\/wp\/v2\/pages"}],"about":[{"href":"https:\/\/lcpr.pl\/zg\/wp-json\/wp\/v2\/types\/page"}],"author":[{"embeddable":true,"href":"https:\/\/lcpr.pl\/zg\/wp-json\/wp\/v2\/users\/9"}],"replies":[{"embeddable":true,"href":"https:\/\/lcpr.pl\/zg\/wp-json\/wp\/v2\/comments?post=19087"}],"version-history":[{"count":11,"href":"https:\/\/lcpr.pl\/zg\/wp-json\/wp\/v2\/pages\/19087\/revisions"}],"predecessor-version":[{"id":19587,"href":"https:\/\/lcpr.pl\/zg\/wp-json\/wp\/v2\/pages\/19087\/revisions\/19587"}],"wp:attachment":[{"href":"https:\/\/lcpr.pl\/zg\/wp-json\/wp\/v2\/media?parent=19087"}],"curies":[{"name":"wp","href":"https:\/\/api.w.org\/{rel}","templated":true}]}}