{"id":15156,"date":"2025-05-28T22:07:46","date_gmt":"2025-05-28T20:07:46","guid":{"rendered":"https:\/\/lcpr.pl\/zg\/?page_id=15156"},"modified":"2025-06-02T11:52:41","modified_gmt":"2025-06-02T09:52:41","slug":"lubuskie-2025-katalog","status":"publish","type":"page","link":"https:\/\/lcpr.pl\/zg\/lubuskie-2025-katalog\/","title":{"rendered":"LUBUSKIE &#8211; potencja\u0142 rynku bran\u017cy spo\u017cywczej, HORECA i e-commerce &#8211; DARMOWA WERSJA"},"content":{"rendered":"<style type=\"text\/css\"><\/style><div class=\"wp-block-image\">\n<figure class=\"aligncenter size-full is-resized\"><img loading=\"lazy\" decoding=\"async\" width=\"827\" height=\"755\" src=\"https:\/\/lcpr.pl\/zg\/wp-content\/uploads\/2025\/05\/okladka-katalogu-PL-1.png\" alt=\"\" class=\"wp-image-15207\" style=\"width:538px;height:auto\" srcset=\"https:\/\/lcpr.pl\/zg\/wp-content\/uploads\/2025\/05\/okladka-katalogu-PL-1.png 827w, https:\/\/lcpr.pl\/zg\/wp-content\/uploads\/2025\/05\/okladka-katalogu-PL-1-300x274.png 300w, https:\/\/lcpr.pl\/zg\/wp-content\/uploads\/2025\/05\/okladka-katalogu-PL-1-768x701.png 768w, https:\/\/lcpr.pl\/zg\/wp-content\/uploads\/2025\/05\/okladka-katalogu-PL-1-580x530.png 580w, https:\/\/lcpr.pl\/zg\/wp-content\/uploads\/2025\/05\/okladka-katalogu-PL-1-820x749.png 820w\" sizes=\"auto, (max-width: 827px) 100vw, 827px\" \/><\/figure>\n<\/div>\n\n\n<p>\ud83c\uddf5\ud83c\uddf1 \u201e<strong>LUBUSKIE &#8211; potencja\u0142 rynku bran\u017cy spo\u017cywczej, HORECA i e-commerce<\/strong>\u201d to <strong>katalog<\/strong> przedstawiaj\u0105cy potencja\u0142 rynku gospodarczo-ekonomicznego bran\u017cy spo\u017cywczej, HORECA, e-commerce i bran\u017c pochodnych Wojew\u00f3dztwa Lubuskiego.<\/p>\n\n\n\n<p>Katalog zawiera wykaz przedsi\u0119biorstw kategorii mikro, ma\u0142e i \u015brednie (M\u015aP), prowadz\u0105cych dzia\u0142alno\u015b\u0107 eksportowo-importow\u0105 i tych, kt\u00f3re s\u0105 zainteresowane nawi\u0105zaniem wsp\u00f3\u0142pracy na wielu rynkach. Mo\u017cna w nim pozna\u0107 lubuskich przedsi\u0119biorstw M\u015aP na wielu p\u0142aszczyznach gospodarczych oraz na tle regionu lubuskiego, kt\u00f3re jest miejscem przyjaznym do inwestowania i atrakcyjnym turystycznie.<\/p>\n\n\n\n<p>Ponadto w katalogu znajduj\u0105 si\u0119 informacje m.in. o:<br>1) dzia\u0142alno\u015bci Wojew\u00f3dztwa Lubuskiego jako podstawowego propagatora dzia\u0142alno\u015bci lubuskich M\u015aP,<br>2) potencjale inwestycyjnym lubuskiego dla nowych M\u015aP,<br>3) walorach wojew\u00f3dztwa lubuskiego dla nowych inwestycji,<br>4) popularyzacji lubuskich przedsi\u0119biorstw M\u015aP produkt\u00f3w tradycyjnych, regionalnych i lokalnych oraz wp\u0142ywu na rynek spo\u017cywczy<\/p>\n\n\n\n<p><strong>Zapraszamy do pobrania DARMOWEGO katalogu<\/strong> w j\u0119zyku polskim:<\/p>\n\n\n\n<p><strong><a href=\"https:\/\/lcpr.pl\/zg\/wp-content\/uploads\/2025\/05\/Lubuskie-potencjal_rynku_MSP-PL.pdf\" data-type=\"attachment\" data-id=\"15162\">Katalog &#8211; PL<\/a><\/strong><\/p>\n\n\n\n<p><strong><br><\/strong>\ud83c\udde9\ud83c\uddea <strong>&#8222;LUBUSKIE \u2013 das Potenzial des Lebensmittel-, HoReCa- und E -Commerce-Marktes\u201c<\/strong> ist ein Katalog, der das wirtschaftliche Marktpotenzial der Lebensmittelindustrie, des HORECA-Sektors, des E-Commerce und verwandter Branchen der Woiwodschaft Lebus pr\u00e4sentiert.<br><br>Der Katalog enth\u00e4lt eine Liste von Kleinst-, Klein- und Mittelunternehmen (KMU), die Export- und Importaktivit\u00e4ten durchf\u00fchren und an einer Zusammenarbeit auf vielen M\u00e4rkten interessiert sind. Sie k\u00f6nnen sich \u00fcber Lebuser KMU auf vielen wirtschaftlichen Ebenen und vor dem Hintergrund der Region Lebus informieren, die ein investitionsfreundlicher und touristisch attraktiver Ort ist.<br><br>Dar\u00fcber hinaus enth\u00e4lt der Katalog unter anderem Informationen zu:<br>1) die T\u00e4tigkeit der Woiwodschaft Lebus als Hauptf\u00f6rderer der T\u00e4tigkeit der KMU in Lebus,<br>2) das Investitionspotenzial der Region Lubuskie f\u00fcr neue KMU,<br>3) die Vorteile der Woiwodschaft Lebus f\u00fcr neue Investitionen,<br>4) Popularisierung traditioneller, regionaler und lokaler Produkte durch Lebuser KMU-Unternehmen und ihre Auswirkungen auf den Lebensmittelmarkt<br><br>Wir laden Sie ein, unseren KOSTENLOSEN Katalog auf Deutsch herunterzuladen:<\/p>\n\n\n\n<p><strong><a href=\"https:\/\/lcpr.pl\/zg\/wp-content\/uploads\/2025\/05\/Lubuskie-potencjal_rynku_MSP-DE.pdf\" data-type=\"attachment\" data-id=\"15160\">Katalog &#8211; DE<\/a><\/strong><\/p>\n\n\n\n<p><\/p>\n\n\n\n<p>\ud83c\uddec\ud83c\udde7 <strong>&#8222;LUBUSKIE &#8211; the potential of the food industry, HORECA and e-commerce market&#8221;<\/strong> is a catalogue presenting the potential of the economic market of the food industry, HORECA, e-commerce and related industries of the Lubuskie Province (Poland).<br><br>The catalogue contains a list of micro, small and medium-sized enterprises (SMEs), conducting export and import activities and those interested in establishing cooperation in many markets. It allows you to get to know Lubuskie SMEs on many economic levels and against the background of the Lubuskie region, which is a place friendly to investment and attractive for tourists.<br><br>In addition, the catalogue contains information on, among others, about:<br>1) the activities of the Lubuskie Province as the main promoter of the activities of Lubuskie SMEs,<br>2) the investment potential of Lubuskie for new SMEs,<br>3) the assets of Lubuskie Province for new investments,<br>4) the popularization of Lubuskie SMEs of traditional, regional and local products and the impact on the food market<br><br>We invite you to download our FREE catalog in English:<br><strong><br><\/strong><a href=\"https:\/\/lcpr.pl\/zg\/wp-content\/uploads\/2025\/05\/Lubuskie-potencjal_rynku_MSP-EN.pdf\" data-type=\"attachment\" data-id=\"15161\">Catalog &#8211; ENG<\/a><\/p>\n\n\n\n<hr class=\"wp-block-separator has-alpha-channel-opacity\"\/>\n\n\n\n<p><em><strong>Zadanie realizowane jest w ramach projektu nr FELB.01.05-IZ.00-0002\/23<\/strong> pt. \u201ePromocja gospodarcza wojew\u00f3dztwa lubuskiego poprzez organizacj\u0119 i udzia\u0142 w krajowych i zagranicznych misjach gospodarczych \u2013 trzecia edycja\u201d w ramach Dzia\u0142ania 1.5 Rozw\u00f3j przedsi\u0119biorczo\u015bci \u2013 dotacje, Typ projektu VI \u2013 Tworzenie oferty dla biznesu \u2013 obs\u0142uga inwestora i eksportera, Priorytet 1 Fundusze Europejskie dla lubuskiej gospodarki, Program Fundusze Europejskie dla Lubuskiego 2021-2027<\/em><br><br>#FunduszeUE #UEdlaLubuskiego #UE #PomocUE #FunduszeEuropejskie #FunduszeUnijne #FunduszeEuropejskiedlaWojew\u00f3dztwaLubuskiego<\/p>\n\n\n\n<figure class=\"wp-block-image size-large\"><img loading=\"lazy\" decoding=\"async\" width=\"1024\" height=\"82\" src=\"https:\/\/lcpr.pl\/zg\/wp-content\/uploads\/2025\/05\/obraz-1024x82.png\" alt=\"\" class=\"wp-image-15157\" srcset=\"https:\/\/lcpr.pl\/zg\/wp-content\/uploads\/2025\/05\/obraz-1024x82.png 1024w, https:\/\/lcpr.pl\/zg\/wp-content\/uploads\/2025\/05\/obraz-300x24.png 300w, https:\/\/lcpr.pl\/zg\/wp-content\/uploads\/2025\/05\/obraz-768x61.png 768w, https:\/\/lcpr.pl\/zg\/wp-content\/uploads\/2025\/05\/obraz-580x46.png 580w, https:\/\/lcpr.pl\/zg\/wp-content\/uploads\/2025\/05\/obraz-820x66.png 820w, https:\/\/lcpr.pl\/zg\/wp-content\/uploads\/2025\/05\/obraz-1160x93.png 1160w, https:\/\/lcpr.pl\/zg\/wp-content\/uploads\/2025\/05\/obraz.png 1387w\" sizes=\"auto, (max-width: 1024px) 100vw, 1024px\" \/><\/figure>\n","protected":false},"excerpt":{"rendered":"<p>\ud83c\uddf5\ud83c\uddf1 \u201eLUBUSKIE &#8211; potencja\u0142 rynku bran\u017cy spo\u017cywczej, HORECA i e-commerce\u201d to katalog przedstawiaj\u0105cy potencja\u0142 rynku gospodarczo-ekonomicznego bran\u017cy spo\u017cywczej, HORECA, e-commerce i bran\u017c pochodnych Wojew\u00f3dztwa Lubuskiego. Katalog zawiera wykaz przedsi\u0119biorstw kategorii mikro, ma\u0142e i \u015brednie (M\u015aP), prowadz\u0105cych dzia\u0142alno\u015b\u0107 eksportowo-importow\u0105 i tych, kt\u00f3re s\u0105 zainteresowane nawi\u0105zaniem wsp\u00f3\u0142pracy na wielu rynkach. Mo\u017cna w nim pozna\u0107 lubuskich przedsi\u0119biorstw M\u015aP&#8230;<\/p>\n","protected":false},"author":4,"featured_media":0,"parent":0,"menu_order":0,"comment_status":"closed","ping_status":"closed","template":"","meta":{"footnotes":""},"class_list":["post-15156","page","type-page","status-publish","hentry"],"_links":{"self":[{"href":"https:\/\/lcpr.pl\/zg\/wp-json\/wp\/v2\/pages\/15156","targetHints":{"allow":["GET"]}}],"collection":[{"href":"https:\/\/lcpr.pl\/zg\/wp-json\/wp\/v2\/pages"}],"about":[{"href":"https:\/\/lcpr.pl\/zg\/wp-json\/wp\/v2\/types\/page"}],"author":[{"embeddable":true,"href":"https:\/\/lcpr.pl\/zg\/wp-json\/wp\/v2\/users\/4"}],"replies":[{"embeddable":true,"href":"https:\/\/lcpr.pl\/zg\/wp-json\/wp\/v2\/comments?post=15156"}],"version-history":[{"count":10,"href":"https:\/\/lcpr.pl\/zg\/wp-json\/wp\/v2\/pages\/15156\/revisions"}],"predecessor-version":[{"id":15242,"href":"https:\/\/lcpr.pl\/zg\/wp-json\/wp\/v2\/pages\/15156\/revisions\/15242"}],"wp:attachment":[{"href":"https:\/\/lcpr.pl\/zg\/wp-json\/wp\/v2\/media?parent=15156"}],"curies":[{"name":"wp","href":"https:\/\/api.w.org\/{rel}","templated":true}]}}