{"id":11404,"date":"2024-06-11T10:45:23","date_gmt":"2024-06-11T08:45:23","guid":{"rendered":"https:\/\/lcpr.pl\/zg\/?page_id=11404"},"modified":"2025-07-08T11:59:02","modified_gmt":"2025-07-08T09:59:02","slug":"spacery-do-producentow-regionalnych","status":"publish","type":"page","link":"https:\/\/lcpr.pl\/zg\/spacery-do-producentow-regionalnych\/","title":{"rendered":"Spacery do lubuskich producent\u00f3w"},"content":{"rendered":"<style type=\"text\/css\"> \n#cmsms_row_69f16f5ceb0c7 .cmsms_row_outer_parent { \n\tpadding-top: 50px; \n} \n\n#cmsms_row_69f16f5ceb0c7 .cmsms_row_outer_parent { \n\tpadding-bottom: 0px; \n} \n\n \n#cmsms_heading_69f16f5ceb1b7, #cmsms_heading_69f16f5ceb1b7 a { \n\tfont-size:28px; \n\ttext-align:left; \n\tfont-weight:400; \n\tfont-style:normal; \n\tmargin-top:0px; \n\tmargin-bottom:20px; \n} \n \n#cmsms_row_69f16f5ceb1ee .cmsms_row_outer_parent { \n\tpadding-top: 50px; \n} \n\n#cmsms_row_69f16f5ceb1ee .cmsms_row_outer_parent { \n\tpadding-bottom: 50px; \n} \n\n \n#cmsms_row_69f16f5ceb957 .cmsms_row_outer_parent { \n\tpadding-top: 50px; \n} \n\n#cmsms_row_69f16f5ceb957 .cmsms_row_outer_parent { \n\tpadding-bottom: 0px; \n} \n\n \n#cmsms_heading_69f16f5ceb9af, #cmsms_heading_69f16f5ceb9af a { \n\tfont-size:28px; \n\ttext-align:left; \n\tfont-weight:400; \n\tfont-style:normal; \n\tmargin-top:0px; \n\tmargin-bottom:20px; \n} \n \n#cmsms_row_69f16f5cebad8 .cmsms_row_outer_parent { \n\tpadding-top: 50px; \n} \n\n#cmsms_row_69f16f5cebad8 .cmsms_row_outer_parent { \n\tpadding-bottom: 0px; \n} \n\n \n#cmsms_heading_69f16f5cebb22, #cmsms_heading_69f16f5cebb22 a { \n\tfont-size:28px; \n\ttext-align:left; \n\tfont-weight:400; \n\tfont-style:normal; \n\tmargin-top:0px; \n\tmargin-bottom:20px; \n} \n \n#cmsms_row_69f16f5cebb40 .cmsms_row_outer_parent { \n\tpadding-top: 0px; \n} \n\n#cmsms_row_69f16f5cebb40 .cmsms_row_outer_parent { \n\tpadding-bottom: 50px; \n} \n\n \n#cmsms_row_69f16f5cece4b .cmsms_row_outer_parent { \n\tpadding-top: 0px; \n} \n\n#cmsms_row_69f16f5cece4b .cmsms_row_outer_parent { \n\tpadding-bottom: 50px; \n} \n\n \n#cmsms_row_69f16f5ceceda .cmsms_row_outer_parent { \n\tpadding-top: 0px; \n} \n\n#cmsms_row_69f16f5ceceda .cmsms_row_outer_parent { \n\tpadding-bottom: 50px; \n} \n\n<\/style><div id=\"cmsms_row_69f16f5ceb0c7\" class=\"cmsms_row cmsms_color_scheme_default\">\n<div class=\"cmsms_row_outer_parent\">\n<div class=\"cmsms_row_outer\">\n<div class=\"cmsms_row_inner\">\n<div class=\"cmsms_row_margin\">\n<div class=\"cmsms_column one_first\">\n<h1 id=\"cmsms_heading_69f16f5ceb1b7\" class=\"cmsms_heading\">Spacery do lubuskich producent\u00f3w<\/h1>\n<\/div>\n<\/div>\n<\/div>\n<\/div>\n<\/div>\n<\/div>\n<div id=\"cmsms_row_69f16f5ceb1ee\" class=\"cmsms_row cmsms_color_scheme_default\">\n<div class=\"cmsms_row_outer_parent\">\n<div class=\"cmsms_row_outer\">\n<div class=\"cmsms_row_inner\">\n<div class=\"cmsms_row_margin\">\n<div class=\"cmsms_column one_third\">\n<div class=\"cmsms_img  cmsms_image_n\">\n<img decoding=\"async\" src=\"https:\/\/lcpr.pl\/zg\/wp-content\/uploads\/2024\/06\/spacery-ma-fb-rgb-scaled.jpg\" \/>\n<\/div>\n<\/div>\n<div class=\"cmsms_column two_third\">\n<div class=\"cmsms_text\">\n<h4>Czy znacie ju\u017c lubuskich producent\u00f3w z Waszej najbli\u017cszej okolicy?<\/h4>\n<h4>Lubuskie Centrum Produktu Regionalnego w my\u015bl idei kampanii promocyjnej ,,Wspieraj lubuskich producent\u00f3w. Kupuj lokalnie&#8221; stwarza mo\u017cliwo\u015bci, za pomoc\u0105 kt\u00f3rych \u0142atwiejsze jest znajdowanie wytw\u00f3rc\u00f3w w wojew\u00f3dztwie lubuskim, a tak\u017ce &#8230; w Waszej najbli\u017cszej okolicy, a tak\u017ce poznanie bli\u017cej szlak\u00f3w turystyczno &#8211; kulinarnych, tworzonych przez lubuskich producent\u00f3w!<\/h4>\n<h4>Kolejnym od\u0142amem kampanii s\u0105 <strong>Spacery <\/strong>do producent\u00f3w regionalnych<strong>, <\/strong>dzi\u0119ki kt\u00f3rym macie mo\u017cliwo\u015b\u0107 odwiedzenia z nami miejsc wytwarzania lubuskich produkt\u00f3w regionalnych.<\/h4>\n<h4>Dzi\u0119ki Spacerom\u00a0 udamy si\u0119 bezpo\u015brednio do producent\u00f3w, kt\u00f3rzy szczeg\u00f3\u0142owo opowiedz\u0105 o etapach wytwarzania swoich produkt\u00f3w, miejscu i historii dzia\u0142ania przedsi\u0119biorstwa, a tak\u017ce tajnikach, dzi\u0119ki kt\u00f3rym b\u0119dziecie wiedzie\u0107 jak wybiera\u0107 produkt najlepszej jako\u015bci.<\/h4>\n<h4>W my\u015bl idei docenienia produkt\u00f3w ,,od s\u0105siada&#8221; poka\u017cemy Wam, jak szerok\u0105 gam\u0119 wyrob\u00f3w prezentuj\u0105 wytw\u00f3rcy z naszej okolicy, a tak\u017ce poka\u017cemy, \u017ce w najbli\u017cszej okolicy jest ich na tyle du\u017co, \u017ce wystarczy uda\u0107 si\u0119 jedynie na kr\u00f3tki spacer, \u017ceby odkry\u0107 nie jeden, a kilka r\u00f3\u017cnorodnych smak\u00f3w regionalnych. Poka\u017cemy Wam wsp\u00f3\u0142prac\u0119 pomi\u0119dzy producentami z wielu r\u00f3\u017cnych bran\u017c, a tak\u017ce mamy nadziej\u0119, \u017ce udowodnimy, \u017ce lubuski produkt regionalny jest jedyny w swoim rodzaju.<\/h4>\n<h4>Ka\u017cdy ze spacer\u00f3w b\u0119dzie inny, ale ka\u017cdy b\u0119dzie \u0142\u0105czy\u0107 nie tylko poznanie bli\u017cej producenta, ale r\u00f3wnie\u017c &#8230; <strong>degustacja wytwarzanych produkt\u00f3w!<\/strong><\/h4>\n<h4>Mamy nadziej\u0119, \u017ce udacie si\u0119 z nami wsp\u00f3lnie na spacer do producent\u00f3w regionalnych i przekonacie si\u0119 dlaczego tak warto wybiera\u0107 lubuskie produkty regionalne.<\/h4>\n<h4><strong>Wspieraj lubuskich producent\u00f3w. Kupuj lokalnie!<\/strong><\/h4>\n<\/div>\n<\/div>\n<\/div>\n<\/div>\n<\/div>\n<\/div>\n<\/div>\n<div id=\"cmsms_row_69f16f5ceb957\" class=\"cmsms_row cmsms_color_scheme_default\">\n<div class=\"cmsms_row_outer_parent\">\n<div class=\"cmsms_row_outer\">\n<div class=\"cmsms_row_inner\">\n<div class=\"cmsms_row_margin\">\n<div class=\"cmsms_column one_first\">\n<h1 id=\"cmsms_heading_69f16f5ceb9af\" class=\"cmsms_heading\">Jak wzi\u0105\u0107 udzia\u0142 w Spacerach do lubuskich producent\u00f3w?<\/h1>\n<\/div>\n<\/div>\n<\/div>\n<\/div>\n<\/div>\n<\/div>\n<div id=\"cmsms_row_69f16f5ceb9ca\" class=\"cmsms_row cmsms_color_scheme_default\">\n<div class=\"cmsms_row_outer_parent\">\n<div class=\"cmsms_row_outer\">\n<div class=\"cmsms_row_inner\">\n<div class=\"cmsms_row_margin\">\n<div class=\"cmsms_column one_first\">\n<div class=\"cmsms_text\">\n<h4><strong>Udzia\u0142 w spacerach, a tak\u017ce degustacja podczas wydarzenia jest ca\u0142kowicie bezp\u0142atna!<\/strong><\/h4>\n<h4>W spacerach mo\u017ce wzi\u0105\u0107 udzia\u0142 ka\u017cda <span style=\"color: #ff0000;\"><strong>osoba pe\u0142noletnia<\/strong><\/span>, kt\u00f3ra wype\u0142ni formularz zg\u0142oszeniowy, znajduj\u0105cy si\u0119 w opisie danego spaceru.<\/h4>\n<h4><strong>Osoby niepe\u0142noletnie, osoby towarzysz\u0105ce, a tak\u017ce uczestnicy, kt\u00f3rzy nie wype\u0142nili formularza zg\u0142oszeniowego nie mog\u0105 wzi\u0105\u0107 udzia\u0142u w wydarzeniu.<\/strong><\/h4>\n<h4>Na spacery obowi\u0105zuje limitowana ilo\u015b\u0107 miejsc.<\/h4>\n<h4>O zakwalifikowaniu si\u0119 uczestnika do udzia\u0142u w spacerach <span style=\"color: #ff0000;\">poinformuj\u0105 pracownicy LCPR drog\u0105 smsow\u0105<\/span>.<\/h4>\n<h4>Na ka\u017cdego uczestnika bior\u0105cego udzia\u0142 w spacerze niezb\u0119dne jest wype\u0142nienie osobnego formularza zg\u0142oszeniowego.<\/h4>\n<h4><\/h4>\n<\/div>\n<\/div>\n<\/div>\n<\/div>\n<\/div>\n<\/div>\n<\/div>\n<div id=\"cmsms_row_69f16f5cebad8\" class=\"cmsms_row cmsms_color_scheme_default\">\n<div class=\"cmsms_row_outer_parent\">\n<div class=\"cmsms_row_outer\">\n<div class=\"cmsms_row_inner\">\n<div class=\"cmsms_row_margin\">\n<div class=\"cmsms_column one_first\">\n<h1 id=\"cmsms_heading_69f16f5cebb22\" class=\"cmsms_heading\">Aktualne Spacery<\/h1>\n<\/div>\n<\/div>\n<\/div>\n<\/div>\n<\/div>\n<\/div>\n<div id=\"cmsms_row_69f16f5cebb40\" class=\"cmsms_row cmsms_color_scheme_default\">\n<div class=\"cmsms_row_outer_parent\">\n<div class=\"cmsms_row_outer\">\n<div class=\"cmsms_row_inner\">\n<div class=\"cmsms_row_margin\">\n<div class=\"cmsms_column one_first\">\n<div class=\"cmsms_wrap_blog entry-summary\" id=\"blog_69f16f5cebc11\"><script type=\"text\/javascript\">\r\njQuery(document).ready(function () {\r\n\t(function ($) {\r\n\t\tif ($('#blog_69f16f5cebc11').find('article').length == '0') {\r\n\t\t\treturn false;\r\n\t\t}\r\n\t\t\r\n\t\r\n\t\tstartBlog( \r\n\t\t\t'69f16f5cebc11', \r\n\t\t\t'columns', \r\n\t\t\t'grid', \r\n\t\t\t'https:\/\/lcpr.pl\/zg\/wp-content\/plugins\/cmsms-content-composer\/', \r\n\t\t\t'date', \r\n\t\t\t'DESC', \r\n\t\t\t'12', \r\n\t\t\t'spacery', \r\n\t\t\t'more' \r\n\t\t);\r\n\t} )(jQuery);\r\n} );\r\n<\/script>\r\n<div class=\"blog columns grid cmsms_3\"><\/div><div class=\"cmsms_wrap_more_posts cmsms_wrap_more_items\"><\/div><\/div>\n<\/div>\n<\/div>\n<\/div>\n<\/div>\n<\/div>\n<\/div>\n<div id=\"cmsms_row_69f16f5cece4b\" class=\"cmsms_row cmsms_color_scheme_default\">\n<div class=\"cmsms_row_outer_parent\">\n<div class=\"cmsms_row_outer\">\n<div class=\"cmsms_row_inner\">\n<div class=\"cmsms_row_margin\">\n<div class=\"cmsms_column one_first\">\n<div class=\"cmsms_text\">\n<h1 style=\"text-align: center;\">Spacery, kt\u00f3re ju\u017c si\u0119 odby\u0142y<\/h1>\n<\/div>\n<\/div>\n<\/div>\n<\/div>\n<\/div>\n<\/div>\n<\/div>\n<div id=\"cmsms_row_69f16f5ceceda\" class=\"cmsms_row cmsms_color_scheme_default\">\n<div class=\"cmsms_row_outer_parent\">\n<div class=\"cmsms_row_outer\">\n<div class=\"cmsms_row_inner\">\n<div class=\"cmsms_row_margin\">\n<div class=\"cmsms_column one_first\">\n<div class=\"cmsms_wrap_blog entry-summary\" id=\"blog_69f16f5cecf23\"><script type=\"text\/javascript\">\r\njQuery(document).ready(function () {\r\n\t(function ($) {\r\n\t\tif ($('#blog_69f16f5cecf23').find('article').length == '0') {\r\n\t\t\treturn false;\r\n\t\t}\r\n\t\t\r\n\t\r\n\t\tstartBlog( \r\n\t\t\t'69f16f5cecf23', \r\n\t\t\t'columns', \r\n\t\t\t'grid', \r\n\t\t\t'https:\/\/lcpr.pl\/zg\/wp-content\/plugins\/cmsms-content-composer\/', \r\n\t\t\t'date', \r\n\t\t\t'DESC', \r\n\t\t\t'12', \r\n\t\t\t'spacery-starsze', \r\n\t\t\t'more' \r\n\t\t);\r\n\t} )(jQuery);\r\n} );\r\n<\/script>\r\n<div class=\"blog columns grid cmsms_3\">\r\n<!--_________________________ Start Standard Article _________________________ -->\r\n\r\n<article id=\"post-16243\" class=\"cmsms_post_masonry post-16243 post type-post status-publish format-standard has-post-thumbnail hentry category-spacery-starsze\" data-category=\"spacery-starsze\">\r\n\t<span class=\"cmsms_post_format_img  cmsms-icon-desktop-3\"><\/span>\r\n\t<div class=\"cmsms_post_cont\">\r\n\t<figure><a href=\"https:\/\/lcpr.pl\/zg\/2025\/07\/14\/spacer-6-lubuski-stol\/\" title=\"Spacer #6 &#8211; Lubuski St\u00f3\u0142\" class=\"cmsms_img_link preloader\"><img loading=\"lazy\" decoding=\"async\" width=\"580\" height=\"390\" src=\"https:\/\/lcpr.pl\/zg\/wp-content\/uploads\/2025\/07\/LUBUSKI-STOL-SZLAK-14-scaled-1-580x390.jpg\" class=\"full-width wp-post-image\" alt=\"Spacer #6 &#8211; Lubuski St\u00f3\u0142\" title=\"Spacer #6 &#8211; Lubuski St\u00f3\u0142\" \/><\/a><\/figure><header class=\"cmsms_post_header entry-header\"><h2 class=\"cmsms_post_title entry-title\"><a href=\"https:\/\/lcpr.pl\/zg\/2025\/07\/14\/spacer-6-lubuski-stol\/\">Spacer #6 &#8211; Lubuski St\u00f3\u0142<\/a><\/h2><\/header><div class=\"cmsms_post_content entry-content\">\n<p>Termin: 20.07.2025 - 10:00 - 18:00<br \/>\nMiejsce: Solniki, Stara Wie\u015b, Karszyn<\/p>\n<\/div>\n<footer class=\"cmsms_post_footer entry-meta tar\"><a class=\"button cmsms_post_read_more\" href=\"https:\/\/lcpr.pl\/zg\/2025\/07\/14\/spacer-6-lubuski-stol\/\">Wi\u0119cej informacji<\/a><\/footer>\t<\/div>\r\n<\/article>\r\n<!--_________________________ Finish Standard Article _________________________ -->\r\n\r\n\r\n<!--_________________________ Start Standard Article _________________________ -->\r\n\r\n<article id=\"post-16036\" class=\"cmsms_post_masonry post-16036 post type-post status-publish format-standard has-post-thumbnail hentry category-spacery-starsze\" data-category=\"spacery-starsze\">\r\n\t<span class=\"cmsms_post_format_img  cmsms-icon-desktop-3\"><\/span>\r\n\t<div class=\"cmsms_post_cont\">\r\n\t<figure><a href=\"https:\/\/lcpr.pl\/zg\/2025\/07\/07\/spacer-5-santocki-szlak-wina-i-ziol\/\" title=\"Spacer #5 &#8211; Santocki szlak wina i zi\u00f3\u0142\" class=\"cmsms_img_link preloader\"><img loading=\"lazy\" decoding=\"async\" width=\"580\" height=\"390\" src=\"https:\/\/lcpr.pl\/zg\/wp-content\/uploads\/2025\/07\/515403005_764364272585552_2679506723271167128_n-580x390.jpg\" class=\"full-width wp-post-image\" alt=\"Spacer #5 &#8211; Santocki szlak wina i zi\u00f3\u0142\" title=\"Spacer #5 &#8211; Santocki szlak wina i zi\u00f3\u0142\" \/><\/a><\/figure><header class=\"cmsms_post_header entry-header\"><h2 class=\"cmsms_post_title entry-title\"><a href=\"https:\/\/lcpr.pl\/zg\/2025\/07\/07\/spacer-5-santocki-szlak-wina-i-ziol\/\">Spacer #5 &#8211; Santocki szlak wina i zi\u00f3\u0142<\/a><\/h2><\/header><div class=\"cmsms_post_content entry-content\">\n<p>Termin: 13.07.2025 - 10:00 - 17:30<br \/>\nMiejsce: Santocko, Wawr\u00f3w, G\u00f3rki<\/p>\n<\/div>\n<footer class=\"cmsms_post_footer entry-meta tar\"><a class=\"button cmsms_post_read_more\" href=\"https:\/\/lcpr.pl\/zg\/2025\/07\/07\/spacer-5-santocki-szlak-wina-i-ziol\/\">Wi\u0119cej informacji<\/a><\/footer>\t<\/div>\r\n<\/article>\r\n<!--_________________________ Finish Standard Article _________________________ -->\r\n\r\n\r\n<!--_________________________ Start Standard Article _________________________ -->\r\n\r\n<article id=\"post-15487\" class=\"cmsms_post_masonry post-15487 post type-post status-publish format-standard has-post-thumbnail hentry category-spacery-starsze\" data-category=\"spacery-starsze\">\r\n\t<span class=\"cmsms_post_format_img  cmsms-icon-desktop-3\"><\/span>\r\n\t<div class=\"cmsms_post_cont\">\r\n\t<figure><a href=\"https:\/\/lcpr.pl\/zg\/2025\/06\/13\/spacer-4-szlak-fresh-wine-soul-food-slow-life-zatrac-sie-w-lubuskim\/\" title=\"Spacer #4 &#8211; Szlak Fresh wine, soul food, slow life &#8211; zatra\u0107 si\u0119 w lubuskim\" class=\"cmsms_img_link preloader\"><img loading=\"lazy\" decoding=\"async\" width=\"580\" height=\"390\" src=\"https:\/\/lcpr.pl\/zg\/wp-content\/uploads\/2025\/05\/FRESH-WINE-SZLAK-3-580x390.jpg\" class=\"full-width wp-post-image\" alt=\"Spacer #4 &#8211; Szlak Fresh wine, soul food, slow life &#8211; zatra\u0107 si\u0119 w lubuskim\" title=\"Spacer #4 &#8211; Szlak Fresh wine, soul food, slow life &#8211; zatra\u0107 si\u0119 w lubuskim\" \/><\/a><\/figure><header class=\"cmsms_post_header entry-header\"><h2 class=\"cmsms_post_title entry-title\"><a href=\"https:\/\/lcpr.pl\/zg\/2025\/06\/13\/spacer-4-szlak-fresh-wine-soul-food-slow-life-zatrac-sie-w-lubuskim\/\">Spacer #4 &#8211; Szlak Fresh wine, soul food, slow life &#8211; zatra\u0107 si\u0119 w lubuskim<\/a><\/h2><\/header><div class=\"cmsms_post_content entry-content\">\n<p>Termin: 29.06.2025 12:00 - 18:00<br \/>\nMiejsce: Sulech\u00f3w, Cigacice, Pomorsko<\/p>\n<\/div>\n<footer class=\"cmsms_post_footer entry-meta tar\"><a class=\"button cmsms_post_read_more\" href=\"https:\/\/lcpr.pl\/zg\/2025\/06\/13\/spacer-4-szlak-fresh-wine-soul-food-slow-life-zatrac-sie-w-lubuskim\/\">Wi\u0119cej informacji<\/a><\/footer>\t<\/div>\r\n<\/article>\r\n<!--_________________________ Finish Standard Article _________________________ -->\r\n\r\n\r\n<!--_________________________ Start Standard Article _________________________ -->\r\n\r\n<article id=\"post-12469\" class=\"cmsms_post_masonry post-12469 post type-post status-publish format-standard has-post-thumbnail hentry category-aktualnosci category-spacery-starsze\" data-category=\"aktualnosci spacery-starsze\">\r\n\t<span class=\"cmsms_post_format_img  cmsms-icon-desktop-3\"><\/span>\r\n\t<div class=\"cmsms_post_cont\">\r\n\t<figure><a href=\"https:\/\/lcpr.pl\/zg\/2024\/09\/07\/12469\/\" title=\"Ostatni spacer do lubuskich producent\u00f3w za nami!\" class=\"cmsms_img_link preloader\"><img loading=\"lazy\" decoding=\"async\" width=\"580\" height=\"390\" src=\"https:\/\/lcpr.pl\/zg\/wp-content\/uploads\/2024\/09\/458737195_550601023961879_6405501277196999293_n-580x390.jpg\" class=\"full-width wp-post-image\" alt=\"Ostatni spacer do lubuskich producent\u00f3w za nami!\" title=\"Ostatni spacer do lubuskich producent\u00f3w za nami!\" \/><\/a><\/figure><header class=\"cmsms_post_header entry-header\"><h2 class=\"cmsms_post_title entry-title\"><a href=\"https:\/\/lcpr.pl\/zg\/2024\/09\/07\/12469\/\">Ostatni spacer do lubuskich producent\u00f3w za nami!<\/a><\/h2><\/header><div class=\"cmsms_post_content entry-content\">\n<p>Ostatni spacer do lubuskich producent\u00f3w za nami.<\/p>\n<\/div>\n<footer class=\"cmsms_post_footer entry-meta tar\"><a class=\"button cmsms_post_read_more\" href=\"https:\/\/lcpr.pl\/zg\/2024\/09\/07\/12469\/\">Wi\u0119cej informacji<\/a><\/footer>\t<\/div>\r\n<\/article>\r\n<!--_________________________ Finish Standard Article _________________________ -->\r\n\r\n\r\n<!--_________________________ Start Standard Article _________________________ -->\r\n\r\n<article id=\"post-11832\" class=\"cmsms_post_masonry post-11832 post type-post status-publish format-standard has-post-thumbnail hentry category-spacery-starsze\" data-category=\"spacery-starsze\">\r\n\t<span class=\"cmsms_post_format_img  cmsms-icon-desktop-3\"><\/span>\r\n\t<div class=\"cmsms_post_cont\">\r\n\t<figure><a href=\"https:\/\/lcpr.pl\/zg\/2024\/07\/07\/spacer-2-zabor-pszczelarnia-slodnik-winnica-miedzypole\/\" title=\"Spacer #2 \u2013 Zab\u00f3r \u2013 Pszczelarnia S\u0142odnik &amp; Winnica Mi\u0119dzypole\" class=\"cmsms_img_link preloader\"><img loading=\"lazy\" decoding=\"async\" width=\"496\" height=\"390\" src=\"https:\/\/lcpr.pl\/zg\/wp-content\/uploads\/2024\/07\/spacery-slodnik-miedzypole-496x390.jpg\" class=\"full-width wp-post-image\" alt=\"Spacer #2 \u2013 Zab\u00f3r \u2013 Pszczelarnia S\u0142odnik &amp; Winnica Mi\u0119dzypole\" title=\"Spacer #2 \u2013 Zab\u00f3r \u2013 Pszczelarnia S\u0142odnik &amp; Winnica Mi\u0119dzypole\" \/><\/a><\/figure><header class=\"cmsms_post_header entry-header\"><h2 class=\"cmsms_post_title entry-title\"><a href=\"https:\/\/lcpr.pl\/zg\/2024\/07\/07\/spacer-2-zabor-pszczelarnia-slodnik-winnica-miedzypole\/\">Spacer #2 \u2013 Zab\u00f3r \u2013 Pszczelarnia S\u0142odnik &amp; Winnica Mi\u0119dzypole<\/a><\/h2><\/header><div class=\"cmsms_post_content entry-content\">\n<p>Termin: 13.07.2024, 14:00<br \/>\nMiejsce: Zab\u00f3r<\/p>\n<\/div>\n<footer class=\"cmsms_post_footer entry-meta tar\"><a class=\"button cmsms_post_read_more\" href=\"https:\/\/lcpr.pl\/zg\/2024\/07\/07\/spacer-2-zabor-pszczelarnia-slodnik-winnica-miedzypole\/\">Wi\u0119cej informacji<\/a><\/footer>\t<\/div>\r\n<\/article>\r\n<!--_________________________ Finish Standard Article _________________________ -->\r\n\r\n\r\n<!--_________________________ Start Standard Article _________________________ -->\r\n\r\n<article id=\"post-11429\" class=\"cmsms_post_masonry post-11429 post type-post status-publish format-standard has-post-thumbnail hentry category-spacery-starsze\" data-category=\"spacery-starsze\">\r\n\t<span class=\"cmsms_post_format_img  cmsms-icon-desktop-3\"><\/span>\r\n\t<div class=\"cmsms_post_cont\">\r\n\t<figure><a href=\"https:\/\/lcpr.pl\/zg\/2024\/06\/11\/spacer-1-laz-laboratorium-bio-las-winnica-ingrid\/\" title=\"Spacer #1 &#8211; \u0141az &#8211; Laboratorium Bio Las &#038; Winnica Ingrid\" class=\"cmsms_img_link preloader\"><img loading=\"lazy\" decoding=\"async\" width=\"580\" height=\"390\" src=\"https:\/\/lcpr.pl\/zg\/wp-content\/uploads\/2024\/06\/bio-lkas-scaled-e1718114331307-580x390.jpg\" class=\"full-width wp-post-image\" alt=\"Spacer #1 &#8211; \u0141az &#8211; Laboratorium Bio Las &#038; Winnica Ingrid\" title=\"Spacer #1 &#8211; \u0141az &#8211; Laboratorium Bio Las &#038; Winnica Ingrid\" \/><\/a><\/figure><header class=\"cmsms_post_header entry-header\"><h2 class=\"cmsms_post_title entry-title\"><a href=\"https:\/\/lcpr.pl\/zg\/2024\/06\/11\/spacer-1-laz-laboratorium-bio-las-winnica-ingrid\/\">Spacer #1 &#8211; \u0141az &#8211; Laboratorium Bio Las &#038; Winnica Ingrid<\/a><\/h2><\/header><div class=\"cmsms_post_content entry-content\">\n<p>Termin: 15.06.2024, 14:00<br \/>\nMiejsce: \u0141az<\/p>\n<\/div>\n<footer class=\"cmsms_post_footer entry-meta tar\"><a class=\"button cmsms_post_read_more\" href=\"https:\/\/lcpr.pl\/zg\/2024\/06\/11\/spacer-1-laz-laboratorium-bio-las-winnica-ingrid\/\">Wi\u0119cej informacji<\/a><\/footer>\t<\/div>\r\n<\/article>\r\n<!--_________________________ Finish Standard Article _________________________ -->\r\n\r\n<\/div><div class=\"cmsms_wrap_more_posts cmsms_wrap_more_items\"><\/div><\/div>\n<\/div>\n<\/div>\n<\/div>\n<\/div>\n<\/div>\n<\/div>\n\n","protected":false},"excerpt":{"rendered":"","protected":false},"author":6,"featured_media":0,"parent":0,"menu_order":0,"comment_status":"closed","ping_status":"closed","template":"","meta":{"footnotes":""},"class_list":["post-11404","page","type-page","status-publish","hentry"],"_links":{"self":[{"href":"https:\/\/lcpr.pl\/zg\/wp-json\/wp\/v2\/pages\/11404","targetHints":{"allow":["GET"]}}],"collection":[{"href":"https:\/\/lcpr.pl\/zg\/wp-json\/wp\/v2\/pages"}],"about":[{"href":"https:\/\/lcpr.pl\/zg\/wp-json\/wp\/v2\/types\/page"}],"author":[{"embeddable":true,"href":"https:\/\/lcpr.pl\/zg\/wp-json\/wp\/v2\/users\/6"}],"replies":[{"embeddable":true,"href":"https:\/\/lcpr.pl\/zg\/wp-json\/wp\/v2\/comments?post=11404"}],"version-history":[{"count":24,"href":"https:\/\/lcpr.pl\/zg\/wp-json\/wp\/v2\/pages\/11404\/revisions"}],"predecessor-version":[{"id":15770,"href":"https:\/\/lcpr.pl\/zg\/wp-json\/wp\/v2\/pages\/11404\/revisions\/15770"}],"wp:attachment":[{"href":"https:\/\/lcpr.pl\/zg\/wp-json\/wp\/v2\/media?parent=11404"}],"curies":[{"name":"wp","href":"https:\/\/api.w.org\/{rel}","templated":true}]}}